{"id":992,"date":"2019-11-13T02:36:15","date_gmt":"2019-11-13T02:36:15","guid":{"rendered":"https:\/\/www.wonpet.com\/?post_type=product&#038;p=992"},"modified":"2019-11-13T02:36:16","modified_gmt":"2019-11-13T02:36:16","slug":"tuylu-kedi-oyuncak-fare-cingirakli-kucuk-fare-yavru-etkilesimli-oyun-2","status":"publish","type":"product","link":"https:\/\/www.wonpet.com\/tr\/urun\/tuylu-kedi-oyuncak-fare-cingirakli-kucuk-fare-yavru-etkilesimli-oyun-2\/","title":{"rendered":"T\u00fcyl\u00fc Kedi Oyuncak Fareler \u00c7\u0131ng\u0131rak K\u00fc\u00e7\u00fck Fare Yavrusu \u0130nteraktif Oyun"},"content":{"rendered":"","protected":false},"excerpt":{"rendered":"<p>\u00dcR\u00dcN NO.: CT12073<\/p>\n<p>BOYUT: 4.5CM\u2026 <a href=\"https:\/\/www.wonpet.com\/tr\/urun\/tuylu-kedi-oyuncak-fare-cingirakli-kucuk-fare-yavru-etkilesimli-oyun-2\/\" class=\"more-link\"><span class=\"more-button\">\u015eimdi al<span class=\"screen-reader-text\">T\u00fcyl\u00fc Kedi Oyuncak Fareler \u00c7\u0131ng\u0131rak K\u00fc\u00e7\u00fck Fare Yavrusu \u0130nteraktif Oyun<\/span><\/span><\/a><\/p>","protected":false},"featured_media":993,"template":"","meta":[],"product_brand":[],"product_cat":[19,45],"product_tag":[41,134],"class_list":{"0":"post-992","1":"product","2":"type-product","3":"status-publish","4":"has-post-thumbnail","6":"product_cat-cat_toy","7":"product_cat-mouse","8":"product_tag-cat-toys","9":"product_tag-furry","11":"first","12":"instock","13":"shipping-taxable","14":"product-type-simple"},"_links":{"self":[{"href":"https:\/\/www.wonpet.com\/tr\/wp-json\/wp\/v2\/product\/992","targetHints":{"allow":["GET"]}}],"collection":[{"href":"https:\/\/www.wonpet.com\/tr\/wp-json\/wp\/v2\/product"}],"about":[{"href":"https:\/\/www.wonpet.com\/tr\/wp-json\/wp\/v2\/types\/product"}],"wp:featuredmedia":[{"embeddable":true,"href":"https:\/\/www.wonpet.com\/tr\/wp-json\/wp\/v2\/media\/993"}],"wp:attachment":[{"href":"https:\/\/www.wonpet.com\/tr\/wp-json\/wp\/v2\/media?parent=992"}],"wp:term":[{"taxonomy":"product_brand","embeddable":true,"href":"https:\/\/www.wonpet.com\/tr\/wp-json\/wp\/v2\/product_brand?post=992"},{"taxonomy":"product_cat","embeddable":true,"href":"https:\/\/www.wonpet.com\/tr\/wp-json\/wp\/v2\/product_cat?post=992"},{"taxonomy":"product_tag","embeddable":true,"href":"https:\/\/www.wonpet.com\/tr\/wp-json\/wp\/v2\/product_tag?post=992"}],"curies":[{"name":"wp","href":"https:\/\/api.w.org\/{rel}","templated":true}]}}