{"id":895,"date":"2019-11-12T05:51:07","date_gmt":"2019-11-12T05:51:07","guid":{"rendered":"https:\/\/www.wonpet.com\/?post_type=product&#038;p=895"},"modified":"2019-11-12T05:51:08","modified_gmt":"2019-11-12T05:51:08","slug":"cingirakli-kedi-oyuncaklari-5","status":"publish","type":"product","link":"https:\/\/www.wonpet.com\/tr\/urun\/cingirakli-kedi-oyuncaklari-5\/","title":{"rendered":"T\u00fcy Halat Toplar\u0131 ile \u00c7\u0131ng\u0131rak Kedi Oyuncak Top"},"content":{"rendered":"","protected":false},"excerpt":{"rendered":"<p>\u00dcR\u00dcN NO.: CT18048<\/p>\n<p>BOYUT: 4CM\u2026 <a href=\"https:\/\/www.wonpet.com\/tr\/urun\/cingirakli-kedi-oyuncaklari-5\/\" class=\"more-link\"><span class=\"more-button\">\u015eimdi al<span class=\"screen-reader-text\">T\u00fcy Halat Toplar\u0131 ile \u00c7\u0131ng\u0131rak Kedi Oyuncak Top<\/span><\/span><\/a><\/p>","protected":false},"featured_media":892,"template":"","meta":[],"product_brand":[],"product_cat":[44,19],"product_tag":[125,41],"class_list":{"0":"post-895","1":"product","2":"type-product","3":"status-publish","4":"has-post-thumbnail","6":"product_cat-cat-ball","7":"product_cat-cat_toy","8":"product_tag-cat-supply","9":"product_tag-cat-toys","11":"first","12":"instock","13":"shipping-taxable","14":"product-type-simple"},"_links":{"self":[{"href":"https:\/\/www.wonpet.com\/tr\/wp-json\/wp\/v2\/product\/895","targetHints":{"allow":["GET"]}}],"collection":[{"href":"https:\/\/www.wonpet.com\/tr\/wp-json\/wp\/v2\/product"}],"about":[{"href":"https:\/\/www.wonpet.com\/tr\/wp-json\/wp\/v2\/types\/product"}],"wp:featuredmedia":[{"embeddable":true,"href":"https:\/\/www.wonpet.com\/tr\/wp-json\/wp\/v2\/media\/892"}],"wp:attachment":[{"href":"https:\/\/www.wonpet.com\/tr\/wp-json\/wp\/v2\/media?parent=895"}],"wp:term":[{"taxonomy":"product_brand","embeddable":true,"href":"https:\/\/www.wonpet.com\/tr\/wp-json\/wp\/v2\/product_brand?post=895"},{"taxonomy":"product_cat","embeddable":true,"href":"https:\/\/www.wonpet.com\/tr\/wp-json\/wp\/v2\/product_cat?post=895"},{"taxonomy":"product_tag","embeddable":true,"href":"https:\/\/www.wonpet.com\/tr\/wp-json\/wp\/v2\/product_tag?post=895"}],"curies":[{"name":"wp","href":"https:\/\/api.w.org\/{rel}","templated":true}]}}