{"id":830,"date":"2019-11-12T02:40:48","date_gmt":"2019-11-12T02:40:48","guid":{"rendered":"https:\/\/www.wonpet.com\/?post_type=product&#038;p=830"},"modified":"2019-11-12T02:40:48","modified_gmt":"2019-11-12T02:40:48","slug":"kedi-tedarik-kedi-oyuncak-renkli-toplar","status":"publish","type":"product","link":"https:\/\/www.wonpet.com\/tr\/urun\/kedi-tedarik-kedi-oyuncak-renkli-toplar\/","title":{"rendered":"Kedi Kayna\u011f\u0131 Kedi Oyuncak Renkli Toplar"},"content":{"rendered":"","protected":false},"excerpt":{"rendered":"<p>E\u015eYA YOK .: CAT13021<\/p>\n<p>BOYUT: 4CM\u2026 <a href=\"https:\/\/www.wonpet.com\/tr\/urun\/kedi-tedarik-kedi-oyuncak-renkli-toplar\/\" class=\"more-link\"><span class=\"more-button\">\u015eimdi al<span class=\"screen-reader-text\">Kedi Kayna\u011f\u0131 Kedi Oyuncak Renkli Toplar<\/span><\/span><\/a><\/p>","protected":false},"featured_media":825,"template":"","meta":[],"product_brand":[],"product_cat":[44,19],"product_tag":[42,125],"class_list":{"0":"post-830","1":"product","2":"type-product","3":"status-publish","4":"has-post-thumbnail","6":"product_cat-cat-ball","7":"product_cat-cat_toy","8":"product_tag-cat-ball","9":"product_tag-cat-supply","11":"first","12":"instock","13":"shipping-taxable","14":"product-type-simple"},"_links":{"self":[{"href":"https:\/\/www.wonpet.com\/tr\/wp-json\/wp\/v2\/product\/830","targetHints":{"allow":["GET"]}}],"collection":[{"href":"https:\/\/www.wonpet.com\/tr\/wp-json\/wp\/v2\/product"}],"about":[{"href":"https:\/\/www.wonpet.com\/tr\/wp-json\/wp\/v2\/types\/product"}],"wp:featuredmedia":[{"embeddable":true,"href":"https:\/\/www.wonpet.com\/tr\/wp-json\/wp\/v2\/media\/825"}],"wp:attachment":[{"href":"https:\/\/www.wonpet.com\/tr\/wp-json\/wp\/v2\/media?parent=830"}],"wp:term":[{"taxonomy":"product_brand","embeddable":true,"href":"https:\/\/www.wonpet.com\/tr\/wp-json\/wp\/v2\/product_brand?post=830"},{"taxonomy":"product_cat","embeddable":true,"href":"https:\/\/www.wonpet.com\/tr\/wp-json\/wp\/v2\/product_cat?post=830"},{"taxonomy":"product_tag","embeddable":true,"href":"https:\/\/www.wonpet.com\/tr\/wp-json\/wp\/v2\/product_tag?post=830"}],"curies":[{"name":"wp","href":"https:\/\/api.w.org\/{rel}","templated":true}]}}