{"id":765,"date":"2019-11-11T06:05:41","date_gmt":"2019-11-11T06:05:41","guid":{"rendered":"https:\/\/www.wonpet.com\/?post_type=product&#038;p=765"},"modified":"2019-11-11T06:13:23","modified_gmt":"2019-11-11T06:13:23","slug":"kedi-oyuncak-titresimli-oyuncaklar-icin-komik-oynama","status":"publish","type":"product","link":"https:\/\/www.wonpet.com\/tr\/urun\/kedi-oyuncak-titresimli-oyuncaklar-icin-komik-oynama\/","title":{"rendered":"Komik oynamak i\u00e7in kedi oyuncak titre\u015fim oyuncaklar"},"content":{"rendered":"","protected":false},"excerpt":{"rendered":"<p>E\u015eYA YOK .: CT14140<\/p>\n<p>BOYUT: 7CM\u2026 <a href=\"https:\/\/www.wonpet.com\/tr\/urun\/kedi-oyuncak-titresimli-oyuncaklar-icin-komik-oynama\/\" class=\"more-link\"><span class=\"more-button\">\u015eimdi al<span class=\"screen-reader-text\">Komik oynamak i\u00e7in kedi oyuncak titre\u015fim oyuncaklar<\/span><\/span><\/a><\/p>","protected":false},"featured_media":766,"template":"","meta":[],"product_brand":[],"product_cat":[19,45],"product_tag":[56,41],"class_list":{"0":"post-765","1":"product","2":"type-product","3":"status-publish","4":"has-post-thumbnail","6":"product_cat-cat_toy","7":"product_cat-mouse","8":"product_tag-cat-mice","9":"product_tag-cat-toys","11":"first","12":"instock","13":"shipping-taxable","14":"product-type-simple"},"_links":{"self":[{"href":"https:\/\/www.wonpet.com\/tr\/wp-json\/wp\/v2\/product\/765","targetHints":{"allow":["GET"]}}],"collection":[{"href":"https:\/\/www.wonpet.com\/tr\/wp-json\/wp\/v2\/product"}],"about":[{"href":"https:\/\/www.wonpet.com\/tr\/wp-json\/wp\/v2\/types\/product"}],"wp:featuredmedia":[{"embeddable":true,"href":"https:\/\/www.wonpet.com\/tr\/wp-json\/wp\/v2\/media\/766"}],"wp:attachment":[{"href":"https:\/\/www.wonpet.com\/tr\/wp-json\/wp\/v2\/media?parent=765"}],"wp:term":[{"taxonomy":"product_brand","embeddable":true,"href":"https:\/\/www.wonpet.com\/tr\/wp-json\/wp\/v2\/product_brand?post=765"},{"taxonomy":"product_cat","embeddable":true,"href":"https:\/\/www.wonpet.com\/tr\/wp-json\/wp\/v2\/product_cat?post=765"},{"taxonomy":"product_tag","embeddable":true,"href":"https:\/\/www.wonpet.com\/tr\/wp-json\/wp\/v2\/product_tag?post=765"}],"curies":[{"name":"wp","href":"https:\/\/api.w.org\/{rel}","templated":true}]}}