{"id":764,"date":"2019-11-11T06:03:48","date_gmt":"2019-11-11T06:03:48","guid":{"rendered":"https:\/\/www.wonpet.com\/?post_type=product&#038;p=764"},"modified":"2019-11-11T06:03:48","modified_gmt":"2019-11-11T06:03:48","slug":"kedi-oyuncak-tuy-oyuncaklar-icin-komik-oynama-2","status":"publish","type":"product","link":"https:\/\/www.wonpet.com\/tr\/urun\/kedi-oyuncak-tuy-oyuncaklar-icin-komik-oynama-2\/","title":{"rendered":"Komik oynamak i\u00e7in kedi oyuncak t\u00fcy oyuncaklar"},"content":{"rendered":"","protected":false},"excerpt":{"rendered":"<p>\u00dcR\u00dcN NO.: CT8037-T<\/p>\n<p>BOYUT: 5CM\u2026 <a href=\"https:\/\/www.wonpet.com\/tr\/urun\/kedi-oyuncak-tuy-oyuncaklar-icin-komik-oynama-2\/\" class=\"more-link\"><span class=\"more-button\">\u015eimdi al<span class=\"screen-reader-text\">Komik oynamak i\u00e7in kedi oyuncak t\u00fcy oyuncaklar<\/span><\/span><\/a><\/p>","protected":false},"featured_media":759,"template":"","meta":[],"product_brand":[],"product_cat":[46,19],"product_tag":[41,55],"class_list":{"0":"post-764","1":"product","2":"type-product","3":"status-publish","4":"has-post-thumbnail","6":"product_cat-animals-others","7":"product_cat-cat_toy","8":"product_tag-cat-toys","9":"product_tag-cat-tumbler-toy","11":"first","12":"instock","13":"shipping-taxable","14":"product-type-simple"},"_links":{"self":[{"href":"https:\/\/www.wonpet.com\/tr\/wp-json\/wp\/v2\/product\/764","targetHints":{"allow":["GET"]}}],"collection":[{"href":"https:\/\/www.wonpet.com\/tr\/wp-json\/wp\/v2\/product"}],"about":[{"href":"https:\/\/www.wonpet.com\/tr\/wp-json\/wp\/v2\/types\/product"}],"wp:featuredmedia":[{"embeddable":true,"href":"https:\/\/www.wonpet.com\/tr\/wp-json\/wp\/v2\/media\/759"}],"wp:attachment":[{"href":"https:\/\/www.wonpet.com\/tr\/wp-json\/wp\/v2\/media?parent=764"}],"wp:term":[{"taxonomy":"product_brand","embeddable":true,"href":"https:\/\/www.wonpet.com\/tr\/wp-json\/wp\/v2\/product_brand?post=764"},{"taxonomy":"product_cat","embeddable":true,"href":"https:\/\/www.wonpet.com\/tr\/wp-json\/wp\/v2\/product_cat?post=764"},{"taxonomy":"product_tag","embeddable":true,"href":"https:\/\/www.wonpet.com\/tr\/wp-json\/wp\/v2\/product_tag?post=764"}],"curies":[{"name":"wp","href":"https:\/\/api.w.org\/{rel}","templated":true}]}}