{"id":692,"date":"2019-11-07T04:11:31","date_gmt":"2019-11-07T04:11:31","guid":{"rendered":"https:\/\/www.wonpet.com\/?post_type=product&#038;p=692"},"modified":"2019-11-07T04:12:40","modified_gmt":"2019-11-07T04:12:40","slug":"kopek-supply-tpr-kaucuk-kemik-kopek-oyuncaklari-3","status":"publish","type":"product","link":"https:\/\/www.wonpet.com\/tr\/urun\/kopek-supply-tpr-kaucuk-kemik-kopek-oyuncaklari-3\/","title":{"rendered":"K\u00f6pek Tedarik TPR Kau\u00e7uk Kemik K\u00f6pek Oyuncaklar\u0131"},"content":{"rendered":"","protected":false},"excerpt":{"rendered":"<p>\u00dcR\u00dcN NO.: TPRX002<\/p>\n<p>BOYUT: 10.5CM\u2026 <a href=\"https:\/\/www.wonpet.com\/tr\/urun\/kopek-supply-tpr-kaucuk-kemik-kopek-oyuncaklari-3\/\" class=\"more-link\"><span class=\"more-button\">\u015eimdi al<span class=\"screen-reader-text\">K\u00f6pek Tedarik TPR Kau\u00e7uk Kemik K\u00f6pek Oyuncaklar\u0131<\/span><\/span><\/a><\/p>","protected":false},"featured_media":674,"template":"","meta":[],"product_brand":[],"product_cat":[18,39],"product_tag":[81,116],"class_list":{"0":"post-692","1":"product","2":"type-product","3":"status-publish","4":"has-post-thumbnail","6":"product_cat-dog_toy","7":"product_cat-tpr-toy","8":"product_tag-bone-shape-toy","9":"product_tag-dog-tpr-toy","11":"first","12":"instock","13":"shipping-taxable","14":"product-type-simple"},"_links":{"self":[{"href":"https:\/\/www.wonpet.com\/tr\/wp-json\/wp\/v2\/product\/692","targetHints":{"allow":["GET"]}}],"collection":[{"href":"https:\/\/www.wonpet.com\/tr\/wp-json\/wp\/v2\/product"}],"about":[{"href":"https:\/\/www.wonpet.com\/tr\/wp-json\/wp\/v2\/types\/product"}],"wp:featuredmedia":[{"embeddable":true,"href":"https:\/\/www.wonpet.com\/tr\/wp-json\/wp\/v2\/media\/674"}],"wp:attachment":[{"href":"https:\/\/www.wonpet.com\/tr\/wp-json\/wp\/v2\/media?parent=692"}],"wp:term":[{"taxonomy":"product_brand","embeddable":true,"href":"https:\/\/www.wonpet.com\/tr\/wp-json\/wp\/v2\/product_brand?post=692"},{"taxonomy":"product_cat","embeddable":true,"href":"https:\/\/www.wonpet.com\/tr\/wp-json\/wp\/v2\/product_cat?post=692"},{"taxonomy":"product_tag","embeddable":true,"href":"https:\/\/www.wonpet.com\/tr\/wp-json\/wp\/v2\/product_tag?post=692"}],"curies":[{"name":"wp","href":"https:\/\/api.w.org\/{rel}","templated":true}]}}