{"id":670,"date":"2019-11-07T01:55:53","date_gmt":"2019-11-07T01:55:53","guid":{"rendered":"https:\/\/www.wonpet.com\/?post_type=product&#038;p=670"},"modified":"2019-11-07T01:55:54","modified_gmt":"2019-11-07T01:55:54","slug":"sevimli-ordek-sekil-pelus-kopek-oyuncak-ile-gicirtili-oynama-2","status":"publish","type":"product","link":"https:\/\/www.wonpet.com\/tr\/urun\/sevimli-ordek-sekil-pelus-kopek-oyuncak-ile-gicirtili-oynama-2\/","title":{"rendered":"Squeak Oynarken G\u00fczel \u00d6rdek \u015eekli Pelu\u015f K\u00f6pek Oyuncaklar\u0131"},"content":{"rendered":"","protected":false},"excerpt":{"rendered":"<p>E\u015eYA YOK .: PL20019<\/p>\n<p>BOYUT: 30CM\u2026 <a href=\"https:\/\/www.wonpet.com\/tr\/urun\/sevimli-ordek-sekil-pelus-kopek-oyuncak-ile-gicirtili-oynama-2\/\" class=\"more-link\"><span class=\"more-button\">\u015eimdi al<span class=\"screen-reader-text\">Squeak Oynarken G\u00fczel \u00d6rdek \u015eekli Pelu\u015f K\u00f6pek Oyuncaklar\u0131<\/span><\/span><\/a><\/p>","protected":false},"featured_media":659,"template":"","meta":[],"product_brand":[],"product_cat":[18,51],"product_tag":[110,23],"class_list":{"0":"post-670","1":"product","2":"type-product","3":"status-publish","4":"has-post-thumbnail","6":"product_cat-dog_toy","7":"product_cat-plush-toy","8":"product_tag-dog-plush-toys","9":"product_tag-squeaky-dog-toys","11":"first","12":"instock","13":"shipping-taxable","14":"product-type-simple"},"_links":{"self":[{"href":"https:\/\/www.wonpet.com\/tr\/wp-json\/wp\/v2\/product\/670","targetHints":{"allow":["GET"]}}],"collection":[{"href":"https:\/\/www.wonpet.com\/tr\/wp-json\/wp\/v2\/product"}],"about":[{"href":"https:\/\/www.wonpet.com\/tr\/wp-json\/wp\/v2\/types\/product"}],"wp:featuredmedia":[{"embeddable":true,"href":"https:\/\/www.wonpet.com\/tr\/wp-json\/wp\/v2\/media\/659"}],"wp:attachment":[{"href":"https:\/\/www.wonpet.com\/tr\/wp-json\/wp\/v2\/media?parent=670"}],"wp:term":[{"taxonomy":"product_brand","embeddable":true,"href":"https:\/\/www.wonpet.com\/tr\/wp-json\/wp\/v2\/product_brand?post=670"},{"taxonomy":"product_cat","embeddable":true,"href":"https:\/\/www.wonpet.com\/tr\/wp-json\/wp\/v2\/product_cat?post=670"},{"taxonomy":"product_tag","embeddable":true,"href":"https:\/\/www.wonpet.com\/tr\/wp-json\/wp\/v2\/product_tag?post=670"}],"curies":[{"name":"wp","href":"https:\/\/api.w.org\/{rel}","templated":true}]}}