{"id":669,"date":"2019-11-07T01:54:49","date_gmt":"2019-11-07T01:54:49","guid":{"rendered":"https:\/\/www.wonpet.com\/?post_type=product&#038;p=669"},"modified":"2019-11-07T01:54:50","modified_gmt":"2019-11-07T01:54:50","slug":"pet-tedarik-etkilesimli-pelus-kopek-oyuncaklari","status":"publish","type":"product","link":"https:\/\/www.wonpet.com\/tr\/urun\/pet-tedarik-etkilesimli-pelus-kopek-oyuncaklari\/","title":{"rendered":"Pet Kayna\u011f\u0131 \u0130nteraktif Pelu\u015f K\u00f6pek Oyuncaklar\u0131"},"content":{"rendered":"","protected":false},"excerpt":{"rendered":"<p>\u00dcR\u00dcN NO.: PL20009<\/p>\n<p>BOYUT: 16*47CM\u2026 <a href=\"https:\/\/www.wonpet.com\/tr\/urun\/pet-tedarik-etkilesimli-pelus-kopek-oyuncaklari\/\" class=\"more-link\"><span class=\"more-button\">\u015eimdi al<span class=\"screen-reader-text\">Pet Kayna\u011f\u0131 \u0130nteraktif Pelu\u015f K\u00f6pek Oyuncaklar\u0131<\/span><\/span><\/a><\/p>","protected":false},"featured_media":654,"template":"","meta":[],"product_brand":[],"product_cat":[18,51],"product_tag":[73,62],"class_list":{"0":"post-669","1":"product","2":"type-product","3":"status-publish","4":"has-post-thumbnail","6":"product_cat-dog_toy","7":"product_cat-plush-toy","8":"product_tag-dog-toys-squeaker","9":"product_tag-small-dog-toys","11":"first","12":"instock","13":"shipping-taxable","14":"product-type-simple"},"_links":{"self":[{"href":"https:\/\/www.wonpet.com\/tr\/wp-json\/wp\/v2\/product\/669","targetHints":{"allow":["GET"]}}],"collection":[{"href":"https:\/\/www.wonpet.com\/tr\/wp-json\/wp\/v2\/product"}],"about":[{"href":"https:\/\/www.wonpet.com\/tr\/wp-json\/wp\/v2\/types\/product"}],"wp:featuredmedia":[{"embeddable":true,"href":"https:\/\/www.wonpet.com\/tr\/wp-json\/wp\/v2\/media\/654"}],"wp:attachment":[{"href":"https:\/\/www.wonpet.com\/tr\/wp-json\/wp\/v2\/media?parent=669"}],"wp:term":[{"taxonomy":"product_brand","embeddable":true,"href":"https:\/\/www.wonpet.com\/tr\/wp-json\/wp\/v2\/product_brand?post=669"},{"taxonomy":"product_cat","embeddable":true,"href":"https:\/\/www.wonpet.com\/tr\/wp-json\/wp\/v2\/product_cat?post=669"},{"taxonomy":"product_tag","embeddable":true,"href":"https:\/\/www.wonpet.com\/tr\/wp-json\/wp\/v2\/product_tag?post=669"}],"curies":[{"name":"wp","href":"https:\/\/api.w.org\/{rel}","templated":true}]}}