{"id":552,"date":"2019-11-06T03:37:38","date_gmt":"2019-11-06T03:37:38","guid":{"rendered":"https:\/\/www.wonpet.com\/?post_type=product&#038;p=552"},"modified":"2019-11-06T03:37:38","modified_gmt":"2019-11-06T03:37:38","slug":"pet-plastic-firca-kopek-bakim-fircasi-icin-kopek-kullanimi-9","status":"publish","type":"product","link":"https:\/\/www.wonpet.com\/tr\/urun\/pet-plastic-firca-kopek-bakim-fircasi-icin-kopek-kullanimi-9\/","title":{"rendered":"K\u00f6pek Kullan\u0131m\u0131 i\u00e7in Pet Plastik F\u0131r\u00e7a K\u00f6pek Bak\u0131m F\u0131r\u00e7as\u0131"},"content":{"rendered":"","protected":false},"excerpt":{"rendered":"<p><strong>E\u015eYA YOK .: GR19005<\/strong><\/p>\n<p><strong>BOYUT: 19 * 12.5CM<\/strong> ... <a href=\"https:\/\/www.wonpet.com\/tr\/urun\/pet-plastic-firca-kopek-bakim-fircasi-icin-kopek-kullanimi-9\/\" class=\"more-link\"><span class=\"more-button\">\u015eimdi al<span class=\"screen-reader-text\">K\u00f6pek Kullan\u0131m\u0131 i\u00e7in Pet Plastik F\u0131r\u00e7a K\u00f6pek Bak\u0131m F\u0131r\u00e7as\u0131<\/span><\/span><\/a><\/p>","protected":false},"featured_media":553,"template":"","meta":[],"product_brand":[],"product_cat":[60,59],"product_tag":[102],"class_list":{"0":"post-552","1":"product","2":"type-product","3":"status-publish","4":"has-post-thumbnail","6":"product_cat-grooming","7":"product_cat-pet-supplies","8":"product_tag-pet-plastic-brush","10":"first","11":"instock","12":"shipping-taxable","13":"product-type-simple"},"_links":{"self":[{"href":"https:\/\/www.wonpet.com\/tr\/wp-json\/wp\/v2\/product\/552","targetHints":{"allow":["GET"]}}],"collection":[{"href":"https:\/\/www.wonpet.com\/tr\/wp-json\/wp\/v2\/product"}],"about":[{"href":"https:\/\/www.wonpet.com\/tr\/wp-json\/wp\/v2\/types\/product"}],"wp:featuredmedia":[{"embeddable":true,"href":"https:\/\/www.wonpet.com\/tr\/wp-json\/wp\/v2\/media\/553"}],"wp:attachment":[{"href":"https:\/\/www.wonpet.com\/tr\/wp-json\/wp\/v2\/media?parent=552"}],"wp:term":[{"taxonomy":"product_brand","embeddable":true,"href":"https:\/\/www.wonpet.com\/tr\/wp-json\/wp\/v2\/product_brand?post=552"},{"taxonomy":"product_cat","embeddable":true,"href":"https:\/\/www.wonpet.com\/tr\/wp-json\/wp\/v2\/product_cat?post=552"},{"taxonomy":"product_tag","embeddable":true,"href":"https:\/\/www.wonpet.com\/tr\/wp-json\/wp\/v2\/product_tag?post=552"}],"curies":[{"name":"wp","href":"https:\/\/api.w.org\/{rel}","templated":true}]}}