{"id":532,"date":"2019-11-06T02:42:52","date_gmt":"2019-11-06T02:42:52","guid":{"rendered":"https:\/\/www.wonpet.com\/?post_type=product&#038;p=532"},"modified":"2019-11-06T02:42:53","modified_gmt":"2019-11-06T02:42:53","slug":"pet-ahsap-firca-kopek-timar-tarak-2","status":"publish","type":"product","link":"https:\/\/www.wonpet.com\/tr\/urun\/pet-ahsap-firca-kopek-timar-tarak-2\/","title":{"rendered":"Evde beslenen hayvan ah\u015fap f\u0131r\u00e7a k\u00f6pek damat tara\u011f\u0131"},"content":{"rendered":"","protected":false},"excerpt":{"rendered":"<p><strong>\u00dcR\u00dcN NO.: 9652L<\/strong><\/p>\n<p><strong>BOYUT: 17.5CM<\/strong> ... <a href=\"https:\/\/www.wonpet.com\/tr\/urun\/pet-ahsap-firca-kopek-timar-tarak-2\/\" class=\"more-link\"><span class=\"more-button\">\u015eimdi al<span class=\"screen-reader-text\">Evde beslenen hayvan ah\u015fap f\u0131r\u00e7a k\u00f6pek damat tara\u011f\u0131<\/span><\/span><\/a><\/p>","protected":false},"featured_media":521,"template":"","meta":[],"product_brand":[],"product_cat":[60,59],"product_tag":[98,101],"class_list":{"0":"post-532","1":"product","2":"type-product","3":"status-publish","4":"has-post-thumbnail","6":"product_cat-grooming","7":"product_cat-pet-supplies","8":"product_tag-dog-brush","9":"product_tag-dog-comb","11":"first","12":"instock","13":"shipping-taxable","14":"product-type-simple"},"_links":{"self":[{"href":"https:\/\/www.wonpet.com\/tr\/wp-json\/wp\/v2\/product\/532","targetHints":{"allow":["GET"]}}],"collection":[{"href":"https:\/\/www.wonpet.com\/tr\/wp-json\/wp\/v2\/product"}],"about":[{"href":"https:\/\/www.wonpet.com\/tr\/wp-json\/wp\/v2\/types\/product"}],"wp:featuredmedia":[{"embeddable":true,"href":"https:\/\/www.wonpet.com\/tr\/wp-json\/wp\/v2\/media\/521"}],"wp:attachment":[{"href":"https:\/\/www.wonpet.com\/tr\/wp-json\/wp\/v2\/media?parent=532"}],"wp:term":[{"taxonomy":"product_brand","embeddable":true,"href":"https:\/\/www.wonpet.com\/tr\/wp-json\/wp\/v2\/product_brand?post=532"},{"taxonomy":"product_cat","embeddable":true,"href":"https:\/\/www.wonpet.com\/tr\/wp-json\/wp\/v2\/product_cat?post=532"},{"taxonomy":"product_tag","embeddable":true,"href":"https:\/\/www.wonpet.com\/tr\/wp-json\/wp\/v2\/product_tag?post=532"}],"curies":[{"name":"wp","href":"https:\/\/api.w.org\/{rel}","templated":true}]}}