{"id":5220,"date":"2023-04-14T05:30:53","date_gmt":"2023-04-14T05:30:53","guid":{"rendered":"https:\/\/www.wonpet.com\/?post_type=product&#038;p=5220"},"modified":"2023-04-14T05:31:24","modified_gmt":"2023-04-14T05:31:24","slug":"kedi-kaynagi-kedi-degnek-kedi-sopa-45","status":"publish","type":"product","link":"https:\/\/www.wonpet.com\/tr\/urun\/kedi-kaynagi-kedi-degnek-kedi-sopa-45\/","title":{"rendered":"Kedi Tedarik Kedi De\u011fne\u011fi Kedi \u00c7ubu\u011fu"},"content":{"rendered":"","protected":false},"excerpt":{"rendered":"<p>\u00dcR\u00dcN NO:CW17045<br \/>\nSIZE:46cm &hellip; <a href=\"https:\/\/www.wonpet.com\/tr\/urun\/kedi-kaynagi-kedi-degnek-kedi-sopa-45\/\" class=\"more-link\"><span class=\"more-button\">\u015eimdi al<span class=\"screen-reader-text\">Kedi Tedarik Kedi De\u011fne\u011fi Kedi \u00c7ubu\u011fu<\/span><\/span><\/a><\/p>","protected":false},"featured_media":5221,"template":"","meta":[],"product_brand":[],"product_cat":[19,43],"product_tag":[],"class_list":{"0":"post-5220","1":"product","2":"type-product","3":"status-publish","4":"has-post-thumbnail","6":"product_cat-cat_toy","7":"product_cat-cat-wand","9":"first","10":"instock","11":"shipping-taxable","12":"product-type-simple"},"_links":{"self":[{"href":"https:\/\/www.wonpet.com\/tr\/wp-json\/wp\/v2\/product\/5220","targetHints":{"allow":["GET"]}}],"collection":[{"href":"https:\/\/www.wonpet.com\/tr\/wp-json\/wp\/v2\/product"}],"about":[{"href":"https:\/\/www.wonpet.com\/tr\/wp-json\/wp\/v2\/types\/product"}],"wp:featuredmedia":[{"embeddable":true,"href":"https:\/\/www.wonpet.com\/tr\/wp-json\/wp\/v2\/media\/5221"}],"wp:attachment":[{"href":"https:\/\/www.wonpet.com\/tr\/wp-json\/wp\/v2\/media?parent=5220"}],"wp:term":[{"taxonomy":"product_brand","embeddable":true,"href":"https:\/\/www.wonpet.com\/tr\/wp-json\/wp\/v2\/product_brand?post=5220"},{"taxonomy":"product_cat","embeddable":true,"href":"https:\/\/www.wonpet.com\/tr\/wp-json\/wp\/v2\/product_cat?post=5220"},{"taxonomy":"product_tag","embeddable":true,"href":"https:\/\/www.wonpet.com\/tr\/wp-json\/wp\/v2\/product_tag?post=5220"}],"curies":[{"name":"wp","href":"https:\/\/api.w.org\/{rel}","templated":true}]}}