{"id":5110,"date":"2023-04-13T08:19:21","date_gmt":"2023-04-13T08:19:21","guid":{"rendered":"https:\/\/www.wonpet.com\/?post_type=product&#038;p=5110"},"modified":"2023-04-13T08:19:51","modified_gmt":"2023-04-13T08:19:51","slug":"kedi-kaynagi-kedi-degnek-kedi-cubuk-3","status":"publish","type":"product","link":"https:\/\/www.wonpet.com\/tr\/urun\/kedi-kaynagi-kedi-degnek-kedi-cubuk-3\/","title":{"rendered":"Kedi Tedarik Kedi De\u011fne\u011fi Kedi \u00c7ubu\u011fu"},"content":{"rendered":"","protected":false},"excerpt":{"rendered":"<p>\u00dcR\u00dcN NO:CW2303004<br \/>\nBOYUT:40cm\u2026 <a href=\"https:\/\/www.wonpet.com\/tr\/urun\/kedi-kaynagi-kedi-degnek-kedi-cubuk-3\/\" class=\"more-link\"><span class=\"more-button\">\u015eimdi al<span class=\"screen-reader-text\">Kedi Tedarik Kedi De\u011fne\u011fi Kedi \u00c7ubu\u011fu<\/span><\/span><\/a><\/p>","protected":false},"featured_media":5103,"template":"","meta":[],"product_brand":[],"product_cat":[19,43],"product_tag":[],"class_list":{"0":"post-5110","1":"product","2":"type-product","3":"status-publish","4":"has-post-thumbnail","6":"product_cat-cat_toy","7":"product_cat-cat-wand","9":"first","10":"instock","11":"shipping-taxable","12":"product-type-simple"},"_links":{"self":[{"href":"https:\/\/www.wonpet.com\/tr\/wp-json\/wp\/v2\/product\/5110","targetHints":{"allow":["GET"]}}],"collection":[{"href":"https:\/\/www.wonpet.com\/tr\/wp-json\/wp\/v2\/product"}],"about":[{"href":"https:\/\/www.wonpet.com\/tr\/wp-json\/wp\/v2\/types\/product"}],"wp:featuredmedia":[{"embeddable":true,"href":"https:\/\/www.wonpet.com\/tr\/wp-json\/wp\/v2\/media\/5103"}],"wp:attachment":[{"href":"https:\/\/www.wonpet.com\/tr\/wp-json\/wp\/v2\/media?parent=5110"}],"wp:term":[{"taxonomy":"product_brand","embeddable":true,"href":"https:\/\/www.wonpet.com\/tr\/wp-json\/wp\/v2\/product_brand?post=5110"},{"taxonomy":"product_cat","embeddable":true,"href":"https:\/\/www.wonpet.com\/tr\/wp-json\/wp\/v2\/product_cat?post=5110"},{"taxonomy":"product_tag","embeddable":true,"href":"https:\/\/www.wonpet.com\/tr\/wp-json\/wp\/v2\/product_tag?post=5110"}],"curies":[{"name":"wp","href":"https:\/\/api.w.org\/{rel}","templated":true}]}}