{"id":5057,"date":"2023-04-13T07:52:16","date_gmt":"2023-04-13T07:52:16","guid":{"rendered":"https:\/\/www.wonpet.com\/?post_type=product&#038;p=5057"},"modified":"2023-04-13T07:52:17","modified_gmt":"2023-04-13T07:52:17","slug":"pelus-kopek-oyuncaklari-ile-tpr-2","status":"publish","type":"product","link":"https:\/\/www.wonpet.com\/tr\/urun\/pelus-kopek-oyuncaklari-ile-tpr-2\/","title":{"rendered":"TPR&#039;li Pelu\u015f K\u00f6pek Oyuncaklar\u0131"},"content":{"rendered":"","protected":false},"excerpt":{"rendered":"<p>\u00dcR\u00dcN NO\uff1aPL2303003<br \/>\nBOYUT: 33CM\u2026 <a href=\"https:\/\/www.wonpet.com\/tr\/urun\/pelus-kopek-oyuncaklari-ile-tpr-2\/\" class=\"more-link\"><span class=\"more-button\">\u015eimdi al<span class=\"screen-reader-text\">TPR&#039;li Pelu\u015f K\u00f6pek Oyuncaklar\u0131<\/span><\/span><\/a><\/p>","protected":false},"featured_media":5060,"template":"","meta":[],"product_brand":[],"product_cat":[18,51,39],"product_tag":[],"class_list":{"0":"post-5057","1":"product","2":"type-product","3":"status-publish","4":"has-post-thumbnail","6":"product_cat-dog_toy","7":"product_cat-plush-toy","8":"product_cat-tpr-toy","10":"first","11":"instock","12":"shipping-taxable","13":"product-type-simple"},"_links":{"self":[{"href":"https:\/\/www.wonpet.com\/tr\/wp-json\/wp\/v2\/product\/5057","targetHints":{"allow":["GET"]}}],"collection":[{"href":"https:\/\/www.wonpet.com\/tr\/wp-json\/wp\/v2\/product"}],"about":[{"href":"https:\/\/www.wonpet.com\/tr\/wp-json\/wp\/v2\/types\/product"}],"wp:featuredmedia":[{"embeddable":true,"href":"https:\/\/www.wonpet.com\/tr\/wp-json\/wp\/v2\/media\/5060"}],"wp:attachment":[{"href":"https:\/\/www.wonpet.com\/tr\/wp-json\/wp\/v2\/media?parent=5057"}],"wp:term":[{"taxonomy":"product_brand","embeddable":true,"href":"https:\/\/www.wonpet.com\/tr\/wp-json\/wp\/v2\/product_brand?post=5057"},{"taxonomy":"product_cat","embeddable":true,"href":"https:\/\/www.wonpet.com\/tr\/wp-json\/wp\/v2\/product_cat?post=5057"},{"taxonomy":"product_tag","embeddable":true,"href":"https:\/\/www.wonpet.com\/tr\/wp-json\/wp\/v2\/product_tag?post=5057"}],"curies":[{"name":"wp","href":"https:\/\/api.w.org\/{rel}","templated":true}]}}