{"id":5028,"date":"2023-04-13T07:37:04","date_gmt":"2023-04-13T07:37:04","guid":{"rendered":"https:\/\/www.wonpet.com\/?post_type=product&#038;p=5028"},"modified":"2023-04-13T07:37:04","modified_gmt":"2023-04-13T07:37:04","slug":"kedi-oyuncaklari-90","status":"publish","type":"product","link":"https:\/\/www.wonpet.com\/tr\/urun\/kedi-oyuncaklari-90\/","title":{"rendered":"Kedi Oyuncaklar\u0131"},"content":{"rendered":"","protected":false},"excerpt":{"rendered":"<p>\u00dcR\u00dcN NO.: SET2303001<\/p>\n<p>BOYUTU: 3PAR\u00c7A\/TAKIM\u2026 <a href=\"https:\/\/www.wonpet.com\/tr\/urun\/kedi-oyuncaklari-90\/\" class=\"more-link\"><span class=\"more-button\">\u015eimdi al<span class=\"screen-reader-text\">Kedi Oyuncaklar\u0131<\/span><\/span><\/a><\/p>","protected":false},"featured_media":5032,"template":"","meta":[],"product_brand":[],"product_cat":[44,19,45],"product_tag":[],"class_list":{"0":"post-5028","1":"product","2":"type-product","3":"status-publish","4":"has-post-thumbnail","6":"product_cat-cat-ball","7":"product_cat-cat_toy","8":"product_cat-mouse","10":"first","11":"instock","12":"shipping-taxable","13":"product-type-simple"},"_links":{"self":[{"href":"https:\/\/www.wonpet.com\/tr\/wp-json\/wp\/v2\/product\/5028","targetHints":{"allow":["GET"]}}],"collection":[{"href":"https:\/\/www.wonpet.com\/tr\/wp-json\/wp\/v2\/product"}],"about":[{"href":"https:\/\/www.wonpet.com\/tr\/wp-json\/wp\/v2\/types\/product"}],"wp:featuredmedia":[{"embeddable":true,"href":"https:\/\/www.wonpet.com\/tr\/wp-json\/wp\/v2\/media\/5032"}],"wp:attachment":[{"href":"https:\/\/www.wonpet.com\/tr\/wp-json\/wp\/v2\/media?parent=5028"}],"wp:term":[{"taxonomy":"product_brand","embeddable":true,"href":"https:\/\/www.wonpet.com\/tr\/wp-json\/wp\/v2\/product_brand?post=5028"},{"taxonomy":"product_cat","embeddable":true,"href":"https:\/\/www.wonpet.com\/tr\/wp-json\/wp\/v2\/product_cat?post=5028"},{"taxonomy":"product_tag","embeddable":true,"href":"https:\/\/www.wonpet.com\/tr\/wp-json\/wp\/v2\/product_tag?post=5028"}],"curies":[{"name":"wp","href":"https:\/\/api.w.org\/{rel}","templated":true}]}}