{"id":4962,"date":"2023-04-13T06:12:45","date_gmt":"2023-04-13T06:12:45","guid":{"rendered":"https:\/\/www.wonpet.com\/?post_type=product&#038;p=4962"},"modified":"2023-04-13T06:12:45","modified_gmt":"2023-04-13T06:12:45","slug":"kopek-supply-tpr-kaucuk-kopek-oyuncaklari-6","status":"publish","type":"product","link":"https:\/\/www.wonpet.com\/tr\/urun\/kopek-supply-tpr-kaucuk-kopek-oyuncaklari-6\/","title":{"rendered":"K\u00f6pek Kayna\u011f\u0131 TPR Kau\u00e7uk K\u00f6pek Oyuncaklar\u0131"},"content":{"rendered":"","protected":false},"excerpt":{"rendered":"<p>\u00dcR\u00dcN NO\uff1aTPR2303017<br \/>\nBOYUT: 9,5CM\u2026 <a href=\"https:\/\/www.wonpet.com\/tr\/urun\/kopek-supply-tpr-kaucuk-kopek-oyuncaklari-6\/\" class=\"more-link\"><span class=\"more-button\">\u015eimdi al<span class=\"screen-reader-text\">K\u00f6pek Kayna\u011f\u0131 TPR Kau\u00e7uk K\u00f6pek Oyuncaklar\u0131<\/span><\/span><\/a><\/p>","protected":false},"featured_media":4963,"template":"","meta":[],"product_brand":[],"product_cat":[18,39],"product_tag":[],"class_list":{"0":"post-4962","1":"product","2":"type-product","3":"status-publish","4":"has-post-thumbnail","6":"product_cat-dog_toy","7":"product_cat-tpr-toy","9":"first","10":"instock","11":"shipping-taxable","12":"product-type-simple"},"_links":{"self":[{"href":"https:\/\/www.wonpet.com\/tr\/wp-json\/wp\/v2\/product\/4962","targetHints":{"allow":["GET"]}}],"collection":[{"href":"https:\/\/www.wonpet.com\/tr\/wp-json\/wp\/v2\/product"}],"about":[{"href":"https:\/\/www.wonpet.com\/tr\/wp-json\/wp\/v2\/types\/product"}],"wp:featuredmedia":[{"embeddable":true,"href":"https:\/\/www.wonpet.com\/tr\/wp-json\/wp\/v2\/media\/4963"}],"wp:attachment":[{"href":"https:\/\/www.wonpet.com\/tr\/wp-json\/wp\/v2\/media?parent=4962"}],"wp:term":[{"taxonomy":"product_brand","embeddable":true,"href":"https:\/\/www.wonpet.com\/tr\/wp-json\/wp\/v2\/product_brand?post=4962"},{"taxonomy":"product_cat","embeddable":true,"href":"https:\/\/www.wonpet.com\/tr\/wp-json\/wp\/v2\/product_cat?post=4962"},{"taxonomy":"product_tag","embeddable":true,"href":"https:\/\/www.wonpet.com\/tr\/wp-json\/wp\/v2\/product_tag?post=4962"}],"curies":[{"name":"wp","href":"https:\/\/api.w.org\/{rel}","templated":true}]}}