{"id":493,"date":"2019-11-05T08:27:23","date_gmt":"2019-11-05T08:27:23","guid":{"rendered":"https:\/\/www.wonpet.com\/?post_type=product&#038;p=493"},"modified":"2019-11-05T08:27:24","modified_gmt":"2019-11-05T08:27:24","slug":"kopek-oyuncak-kaucuk-oyuncak-sunger-top-tenis-topu-2","status":"publish","type":"product","link":"https:\/\/www.wonpet.com\/tr\/urun\/kopek-oyuncak-kaucuk-oyuncak-sunger-top-tenis-topu-2\/","title":{"rendered":"K\u00f6pek Oyuncak Kau\u00e7uk Oyuncak S\u00fcnger Top Tenis Topu"},"content":{"rendered":"","protected":false},"excerpt":{"rendered":"<p><strong>\u00dcR\u00dcN NO.: WP-N90 \/ N72 \/ N63 \/ N57 \/ N47 \/ N40<\/strong><\/p>\n<p><strong>BOYUT: 9cm \/ 7.2cm \/ 6.3cm \/ 5.7cm \/ 4.7cm \/ 4cm<\/strong> ... <a href=\"https:\/\/www.wonpet.com\/tr\/urun\/kopek-oyuncak-kaucuk-oyuncak-sunger-top-tenis-topu-2\/\" class=\"more-link\"><span class=\"more-button\">\u015eimdi al<span class=\"screen-reader-text\">K\u00f6pek Oyuncak Kau\u00e7uk Oyuncak S\u00fcnger Top Tenis Topu<\/span><\/span><\/a><\/p>","protected":false},"featured_media":494,"template":"","meta":[],"product_brand":[],"product_cat":[18,37],"product_tag":[88,90],"class_list":{"0":"post-493","1":"product","2":"type-product","3":"status-publish","4":"has-post-thumbnail","6":"product_cat-dog_toy","7":"product_cat-sponge-ball","8":"product_tag-dog-sponge-ball","9":"product_tag-dog-tennis-ball","11":"first","12":"instock","13":"shipping-taxable","14":"product-type-simple"},"_links":{"self":[{"href":"https:\/\/www.wonpet.com\/tr\/wp-json\/wp\/v2\/product\/493","targetHints":{"allow":["GET"]}}],"collection":[{"href":"https:\/\/www.wonpet.com\/tr\/wp-json\/wp\/v2\/product"}],"about":[{"href":"https:\/\/www.wonpet.com\/tr\/wp-json\/wp\/v2\/types\/product"}],"wp:featuredmedia":[{"embeddable":true,"href":"https:\/\/www.wonpet.com\/tr\/wp-json\/wp\/v2\/media\/494"}],"wp:attachment":[{"href":"https:\/\/www.wonpet.com\/tr\/wp-json\/wp\/v2\/media?parent=493"}],"wp:term":[{"taxonomy":"product_brand","embeddable":true,"href":"https:\/\/www.wonpet.com\/tr\/wp-json\/wp\/v2\/product_brand?post=493"},{"taxonomy":"product_cat","embeddable":true,"href":"https:\/\/www.wonpet.com\/tr\/wp-json\/wp\/v2\/product_cat?post=493"},{"taxonomy":"product_tag","embeddable":true,"href":"https:\/\/www.wonpet.com\/tr\/wp-json\/wp\/v2\/product_tag?post=493"}],"curies":[{"name":"wp","href":"https:\/\/api.w.org\/{rel}","templated":true}]}}