{"id":4910,"date":"2023-04-13T05:27:39","date_gmt":"2023-04-13T05:27:39","guid":{"rendered":"https:\/\/www.wonpet.com\/?post_type=product&#038;p=4910"},"modified":"2023-04-13T05:27:39","modified_gmt":"2023-04-13T05:27:39","slug":"pet-plastic-firca-kopek-bakim-fircasi-icin-kopek-kullanimi-12","status":"publish","type":"product","link":"https:\/\/www.wonpet.com\/tr\/urun\/pet-plastic-firca-kopek-bakim-fircasi-icin-kopek-kullanimi-12\/","title":{"rendered":"K\u00f6pek Kullan\u0131m\u0131 i\u00e7in Pet Plastik F\u0131r\u00e7a K\u00f6pek Bak\u0131m F\u0131r\u00e7as\u0131"},"content":{"rendered":"","protected":false},"excerpt":{"rendered":"<p>\u00dcR\u00dcN NO:GR1600<\/p>\n<p>BOYUT: 12.5*7.5cm<\/p>\n<p>&nbsp; ... <a href=\"https:\/\/www.wonpet.com\/tr\/urun\/pet-plastic-firca-kopek-bakim-fircasi-icin-kopek-kullanimi-12\/\" class=\"more-link\"><span class=\"more-button\">\u015eimdi al<span class=\"screen-reader-text\">K\u00f6pek Kullan\u0131m\u0131 i\u00e7in Pet Plastik F\u0131r\u00e7a K\u00f6pek Bak\u0131m F\u0131r\u00e7as\u0131<\/span><\/span><\/a><\/p>","protected":false},"featured_media":4912,"template":"","meta":[],"product_brand":[],"product_cat":[60,59],"product_tag":[],"class_list":{"0":"post-4910","1":"product","2":"type-product","3":"status-publish","4":"has-post-thumbnail","6":"product_cat-grooming","7":"product_cat-pet-supplies","9":"first","10":"instock","11":"shipping-taxable","12":"product-type-simple"},"_links":{"self":[{"href":"https:\/\/www.wonpet.com\/tr\/wp-json\/wp\/v2\/product\/4910","targetHints":{"allow":["GET"]}}],"collection":[{"href":"https:\/\/www.wonpet.com\/tr\/wp-json\/wp\/v2\/product"}],"about":[{"href":"https:\/\/www.wonpet.com\/tr\/wp-json\/wp\/v2\/types\/product"}],"wp:featuredmedia":[{"embeddable":true,"href":"https:\/\/www.wonpet.com\/tr\/wp-json\/wp\/v2\/media\/4912"}],"wp:attachment":[{"href":"https:\/\/www.wonpet.com\/tr\/wp-json\/wp\/v2\/media?parent=4910"}],"wp:term":[{"taxonomy":"product_brand","embeddable":true,"href":"https:\/\/www.wonpet.com\/tr\/wp-json\/wp\/v2\/product_brand?post=4910"},{"taxonomy":"product_cat","embeddable":true,"href":"https:\/\/www.wonpet.com\/tr\/wp-json\/wp\/v2\/product_cat?post=4910"},{"taxonomy":"product_tag","embeddable":true,"href":"https:\/\/www.wonpet.com\/tr\/wp-json\/wp\/v2\/product_tag?post=4910"}],"curies":[{"name":"wp","href":"https:\/\/api.w.org\/{rel}","templated":true}]}}