{"id":4772,"date":"2023-04-13T01:37:37","date_gmt":"2023-04-13T01:37:37","guid":{"rendered":"https:\/\/www.wonpet.com\/?post_type=product&#038;p=4772"},"modified":"2023-04-13T01:38:46","modified_gmt":"2023-04-13T01:38:46","slug":"kedi-oyuncaklari-120","status":"publish","type":"product","link":"https:\/\/www.wonpet.com\/tr\/urun\/kedi-oyuncaklari-120\/","title":{"rendered":"Kedi Oyuncaklar\u0131"},"content":{"rendered":"","protected":false},"excerpt":{"rendered":"<p>\u00dcR\u00dcN NO: CT2304042<\/p>\n<p>BOYUT: 8CM\u2026 <a href=\"https:\/\/www.wonpet.com\/tr\/urun\/kedi-oyuncaklari-120\/\" class=\"more-link\"><span class=\"more-button\">\u015eimdi al<span class=\"screen-reader-text\">Kedi Oyuncaklar\u0131<\/span><\/span><\/a><\/p>","protected":false},"featured_media":4773,"template":"","meta":[],"product_brand":[],"product_cat":[46,19],"product_tag":[],"class_list":{"0":"post-4772","1":"product","2":"type-product","3":"status-publish","4":"has-post-thumbnail","6":"product_cat-animals-others","7":"product_cat-cat_toy","9":"first","10":"instock","11":"shipping-taxable","12":"product-type-simple"},"_links":{"self":[{"href":"https:\/\/www.wonpet.com\/tr\/wp-json\/wp\/v2\/product\/4772","targetHints":{"allow":["GET"]}}],"collection":[{"href":"https:\/\/www.wonpet.com\/tr\/wp-json\/wp\/v2\/product"}],"about":[{"href":"https:\/\/www.wonpet.com\/tr\/wp-json\/wp\/v2\/types\/product"}],"wp:featuredmedia":[{"embeddable":true,"href":"https:\/\/www.wonpet.com\/tr\/wp-json\/wp\/v2\/media\/4773"}],"wp:attachment":[{"href":"https:\/\/www.wonpet.com\/tr\/wp-json\/wp\/v2\/media?parent=4772"}],"wp:term":[{"taxonomy":"product_brand","embeddable":true,"href":"https:\/\/www.wonpet.com\/tr\/wp-json\/wp\/v2\/product_brand?post=4772"},{"taxonomy":"product_cat","embeddable":true,"href":"https:\/\/www.wonpet.com\/tr\/wp-json\/wp\/v2\/product_cat?post=4772"},{"taxonomy":"product_tag","embeddable":true,"href":"https:\/\/www.wonpet.com\/tr\/wp-json\/wp\/v2\/product_tag?post=4772"}],"curies":[{"name":"wp","href":"https:\/\/api.w.org\/{rel}","templated":true}]}}