{"id":4640,"date":"2023-04-12T08:13:58","date_gmt":"2023-04-12T08:13:58","guid":{"rendered":"https:\/\/www.wonpet.com\/?post_type=product&#038;p=4640"},"modified":"2023-04-12T08:13:58","modified_gmt":"2023-04-12T08:13:58","slug":"kedi-oyuncaklari-9","status":"publish","type":"product","link":"https:\/\/www.wonpet.com\/tr\/urun\/kedi-oyuncaklari-9\/","title":{"rendered":"Kedi Oyuncaklar\u0131"},"content":{"rendered":"","protected":false},"excerpt":{"rendered":"<p>\u00dcR\u00dcN NO.: CT2304013<\/p>\n<p>BOYUT: 7.5CM\u2026 <a href=\"https:\/\/www.wonpet.com\/tr\/urun\/kedi-oyuncaklari-9\/\" class=\"more-link\"><span class=\"more-button\">\u015eimdi al<span class=\"screen-reader-text\">Kedi Oyuncaklar\u0131<\/span><\/span><\/a><\/p>","protected":false},"featured_media":4637,"template":"","meta":[],"product_brand":[],"product_cat":[19],"product_tag":[],"class_list":{"0":"post-4640","1":"product","2":"type-product","3":"status-publish","4":"has-post-thumbnail","6":"product_cat-cat_toy","8":"first","9":"instock","10":"shipping-taxable","11":"product-type-simple"},"_links":{"self":[{"href":"https:\/\/www.wonpet.com\/tr\/wp-json\/wp\/v2\/product\/4640","targetHints":{"allow":["GET"]}}],"collection":[{"href":"https:\/\/www.wonpet.com\/tr\/wp-json\/wp\/v2\/product"}],"about":[{"href":"https:\/\/www.wonpet.com\/tr\/wp-json\/wp\/v2\/types\/product"}],"wp:featuredmedia":[{"embeddable":true,"href":"https:\/\/www.wonpet.com\/tr\/wp-json\/wp\/v2\/media\/4637"}],"wp:attachment":[{"href":"https:\/\/www.wonpet.com\/tr\/wp-json\/wp\/v2\/media?parent=4640"}],"wp:term":[{"taxonomy":"product_brand","embeddable":true,"href":"https:\/\/www.wonpet.com\/tr\/wp-json\/wp\/v2\/product_brand?post=4640"},{"taxonomy":"product_cat","embeddable":true,"href":"https:\/\/www.wonpet.com\/tr\/wp-json\/wp\/v2\/product_cat?post=4640"},{"taxonomy":"product_tag","embeddable":true,"href":"https:\/\/www.wonpet.com\/tr\/wp-json\/wp\/v2\/product_tag?post=4640"}],"curies":[{"name":"wp","href":"https:\/\/api.w.org\/{rel}","templated":true}]}}