{"id":4587,"date":"2023-04-12T07:50:13","date_gmt":"2023-04-12T07:50:13","guid":{"rendered":"https:\/\/www.wonpet.com\/?post_type=product&#038;p=4587"},"modified":"2023-04-12T07:50:14","modified_gmt":"2023-04-12T07:50:14","slug":"kedi-tedarik-kedi-oyuncak-tuy-kedi-top-7","status":"publish","type":"product","link":"https:\/\/www.wonpet.com\/tr\/urun\/kedi-tedarik-kedi-oyuncak-tuy-kedi-top-7\/","title":{"rendered":"Kedi Kayna\u011f\u0131 Kedi Oyuncak T\u00fcy Kedi Topu"},"content":{"rendered":"","protected":false},"excerpt":{"rendered":"<p>\u00dcR\u00dcN NO.: CT2304001<\/p>\n<p>BOYUT: 11.5CM \u2026 <a href=\"https:\/\/www.wonpet.com\/tr\/urun\/kedi-tedarik-kedi-oyuncak-tuy-kedi-top-7\/\" class=\"more-link\"><span class=\"more-button\">\u015eimdi al<span class=\"screen-reader-text\">Kedi Kayna\u011f\u0131 Kedi Oyuncak T\u00fcy Kedi Topu<\/span><\/span><\/a><\/p>","protected":false},"featured_media":4590,"template":"","meta":[],"product_brand":[],"product_cat":[44,19],"product_tag":[],"class_list":{"0":"post-4587","1":"product","2":"type-product","3":"status-publish","4":"has-post-thumbnail","6":"product_cat-cat-ball","7":"product_cat-cat_toy","9":"first","10":"instock","11":"shipping-taxable","12":"product-type-simple"},"_links":{"self":[{"href":"https:\/\/www.wonpet.com\/tr\/wp-json\/wp\/v2\/product\/4587","targetHints":{"allow":["GET"]}}],"collection":[{"href":"https:\/\/www.wonpet.com\/tr\/wp-json\/wp\/v2\/product"}],"about":[{"href":"https:\/\/www.wonpet.com\/tr\/wp-json\/wp\/v2\/types\/product"}],"wp:featuredmedia":[{"embeddable":true,"href":"https:\/\/www.wonpet.com\/tr\/wp-json\/wp\/v2\/media\/4590"}],"wp:attachment":[{"href":"https:\/\/www.wonpet.com\/tr\/wp-json\/wp\/v2\/media?parent=4587"}],"wp:term":[{"taxonomy":"product_brand","embeddable":true,"href":"https:\/\/www.wonpet.com\/tr\/wp-json\/wp\/v2\/product_brand?post=4587"},{"taxonomy":"product_cat","embeddable":true,"href":"https:\/\/www.wonpet.com\/tr\/wp-json\/wp\/v2\/product_cat?post=4587"},{"taxonomy":"product_tag","embeddable":true,"href":"https:\/\/www.wonpet.com\/tr\/wp-json\/wp\/v2\/product_tag?post=4587"}],"curies":[{"name":"wp","href":"https:\/\/api.w.org\/{rel}","templated":true}]}}