{"id":4504,"date":"2022-04-07T07:13:23","date_gmt":"2022-04-07T07:13:23","guid":{"rendered":"https:\/\/www.wonpet.com\/?post_type=product&#038;p=4504"},"modified":"2022-04-07T07:14:22","modified_gmt":"2022-04-07T07:14:22","slug":"kedi-tedarik-kedi-oyuncak-hayvanlar-yastik-oyuncak-2","status":"publish","type":"product","link":"https:\/\/www.wonpet.com\/tr\/urun\/kedi-tedarik-kedi-oyuncak-hayvanlar-yastik-oyuncak-2\/","title":{"rendered":"Kedi Tedarik Kedi Oyuncak Hayvanlar Yast\u0131k Oyuncak"},"content":{"rendered":"","protected":false},"excerpt":{"rendered":"<p>\u00dcR\u00dcN NO.: CT21045<\/p>\n<p>BOYUT: 8cm \/ 11cm\u2026 <a href=\"https:\/\/www.wonpet.com\/tr\/urun\/kedi-tedarik-kedi-oyuncak-hayvanlar-yastik-oyuncak-2\/\" class=\"more-link\"><span class=\"more-button\">\u015eimdi al<span class=\"screen-reader-text\">Kedi Tedarik Kedi Oyuncak Hayvanlar Yast\u0131k Oyuncak<\/span><\/span><\/a><\/p>","protected":false},"featured_media":4506,"template":"","meta":[],"product_brand":[],"product_cat":[46,19],"product_tag":[41,137],"class_list":{"0":"post-4504","1":"product","2":"type-product","3":"status-publish","4":"has-post-thumbnail","6":"product_cat-animals-others","7":"product_cat-cat_toy","8":"product_tag-cat-toys","9":"product_tag-catnip-toy","11":"first","12":"instock","13":"shipping-taxable","14":"product-type-simple"},"_links":{"self":[{"href":"https:\/\/www.wonpet.com\/tr\/wp-json\/wp\/v2\/product\/4504","targetHints":{"allow":["GET"]}}],"collection":[{"href":"https:\/\/www.wonpet.com\/tr\/wp-json\/wp\/v2\/product"}],"about":[{"href":"https:\/\/www.wonpet.com\/tr\/wp-json\/wp\/v2\/types\/product"}],"wp:featuredmedia":[{"embeddable":true,"href":"https:\/\/www.wonpet.com\/tr\/wp-json\/wp\/v2\/media\/4506"}],"wp:attachment":[{"href":"https:\/\/www.wonpet.com\/tr\/wp-json\/wp\/v2\/media?parent=4504"}],"wp:term":[{"taxonomy":"product_brand","embeddable":true,"href":"https:\/\/www.wonpet.com\/tr\/wp-json\/wp\/v2\/product_brand?post=4504"},{"taxonomy":"product_cat","embeddable":true,"href":"https:\/\/www.wonpet.com\/tr\/wp-json\/wp\/v2\/product_cat?post=4504"},{"taxonomy":"product_tag","embeddable":true,"href":"https:\/\/www.wonpet.com\/tr\/wp-json\/wp\/v2\/product_tag?post=4504"}],"curies":[{"name":"wp","href":"https:\/\/api.w.org\/{rel}","templated":true}]}}