{"id":4493,"date":"2022-04-07T07:04:36","date_gmt":"2022-04-07T07:04:36","guid":{"rendered":"https:\/\/www.wonpet.com\/?post_type=product&#038;p=4493"},"modified":"2022-04-07T07:05:15","modified_gmt":"2022-04-07T07:05:15","slug":"wonpet-cat-pamuk-oyuncaklar-pence-oyuncaklar-ile-can","status":"publish","type":"product","link":"https:\/\/www.wonpet.com\/tr\/urun\/wonpet-cat-pamuk-oyuncaklar-pence-oyuncaklar-ile-can\/","title":{"rendered":"WONPET Kedi Pamuklu Oyuncaklar \u00c7anl\u0131 Pen\u00e7e Oyuncaklar\u0131"},"content":{"rendered":"","protected":false},"excerpt":{"rendered":"<p>\u00dcR\u00dcN NO.: CT21036<\/p>\n<p>BOYUT: 15CM\u2026 <a href=\"https:\/\/www.wonpet.com\/tr\/urun\/wonpet-cat-pamuk-oyuncaklar-pence-oyuncaklar-ile-can\/\" class=\"more-link\"><span class=\"more-button\">\u015eimdi al<span class=\"screen-reader-text\">WONPET Kedi Pamuklu Oyuncaklar \u00c7anl\u0131 Pen\u00e7e Oyuncaklar\u0131<\/span><\/span><\/a><\/p>","protected":false},"featured_media":4494,"template":"","meta":[],"product_brand":[],"product_cat":[46,19],"product_tag":[124,125],"class_list":{"0":"post-4493","1":"product","2":"type-product","3":"status-publish","4":"has-post-thumbnail","6":"product_cat-animals-others","7":"product_cat-cat_toy","8":"product_tag-cat-mouse-toy","9":"product_tag-cat-supply","11":"first","12":"instock","13":"shipping-taxable","14":"product-type-simple"},"_links":{"self":[{"href":"https:\/\/www.wonpet.com\/tr\/wp-json\/wp\/v2\/product\/4493","targetHints":{"allow":["GET"]}}],"collection":[{"href":"https:\/\/www.wonpet.com\/tr\/wp-json\/wp\/v2\/product"}],"about":[{"href":"https:\/\/www.wonpet.com\/tr\/wp-json\/wp\/v2\/types\/product"}],"wp:featuredmedia":[{"embeddable":true,"href":"https:\/\/www.wonpet.com\/tr\/wp-json\/wp\/v2\/media\/4494"}],"wp:attachment":[{"href":"https:\/\/www.wonpet.com\/tr\/wp-json\/wp\/v2\/media?parent=4493"}],"wp:term":[{"taxonomy":"product_brand","embeddable":true,"href":"https:\/\/www.wonpet.com\/tr\/wp-json\/wp\/v2\/product_brand?post=4493"},{"taxonomy":"product_cat","embeddable":true,"href":"https:\/\/www.wonpet.com\/tr\/wp-json\/wp\/v2\/product_cat?post=4493"},{"taxonomy":"product_tag","embeddable":true,"href":"https:\/\/www.wonpet.com\/tr\/wp-json\/wp\/v2\/product_tag?post=4493"}],"curies":[{"name":"wp","href":"https:\/\/api.w.org\/{rel}","templated":true}]}}