{"id":4455,"date":"2022-04-07T05:52:52","date_gmt":"2022-04-07T05:52:52","guid":{"rendered":"https:\/\/www.wonpet.com\/?post_type=product&#038;p=4455"},"modified":"2022-04-07T05:53:35","modified_gmt":"2022-04-07T05:53:35","slug":"kedi-tedarik-kedi-oyuncak-top-gulen-yuz-oyuncak","status":"publish","type":"product","link":"https:\/\/www.wonpet.com\/tr\/urun\/kedi-tedarik-kedi-oyuncak-top-gulen-yuz-oyuncak\/","title":{"rendered":"Kedi Tedarik Kedi Oyuncak Top G\u00fclen Y\u00fcz Oyuncak"},"content":{"rendered":"","protected":false},"excerpt":{"rendered":"<p>\u00dcR\u00dcN NO.: CT21015<\/p>\n<p>BOYUT: 4cm\u2026 <a href=\"https:\/\/www.wonpet.com\/tr\/urun\/kedi-tedarik-kedi-oyuncak-top-gulen-yuz-oyuncak\/\" class=\"more-link\"><span class=\"more-button\">\u015eimdi al<span class=\"screen-reader-text\">Kedi Tedarik Kedi Oyuncak Top G\u00fclen Y\u00fcz Oyuncak<\/span><\/span><\/a><\/p>","protected":false},"featured_media":4453,"template":"","meta":[],"product_brand":[],"product_cat":[44,19],"product_tag":[126,41],"class_list":{"0":"post-4455","1":"product","2":"type-product","3":"status-publish","4":"has-post-thumbnail","6":"product_cat-cat-ball","7":"product_cat-cat_toy","8":"product_tag-cat-ball-toys","9":"product_tag-cat-toys","11":"first","12":"instock","13":"shipping-taxable","14":"product-type-simple"},"_links":{"self":[{"href":"https:\/\/www.wonpet.com\/tr\/wp-json\/wp\/v2\/product\/4455","targetHints":{"allow":["GET"]}}],"collection":[{"href":"https:\/\/www.wonpet.com\/tr\/wp-json\/wp\/v2\/product"}],"about":[{"href":"https:\/\/www.wonpet.com\/tr\/wp-json\/wp\/v2\/types\/product"}],"wp:featuredmedia":[{"embeddable":true,"href":"https:\/\/www.wonpet.com\/tr\/wp-json\/wp\/v2\/media\/4453"}],"wp:attachment":[{"href":"https:\/\/www.wonpet.com\/tr\/wp-json\/wp\/v2\/media?parent=4455"}],"wp:term":[{"taxonomy":"product_brand","embeddable":true,"href":"https:\/\/www.wonpet.com\/tr\/wp-json\/wp\/v2\/product_brand?post=4455"},{"taxonomy":"product_cat","embeddable":true,"href":"https:\/\/www.wonpet.com\/tr\/wp-json\/wp\/v2\/product_cat?post=4455"},{"taxonomy":"product_tag","embeddable":true,"href":"https:\/\/www.wonpet.com\/tr\/wp-json\/wp\/v2\/product_tag?post=4455"}],"curies":[{"name":"wp","href":"https:\/\/api.w.org\/{rel}","templated":true}]}}