{"id":4384,"date":"2022-04-06T07:49:51","date_gmt":"2022-04-06T07:49:51","guid":{"rendered":"https:\/\/www.wonpet.com\/?post_type=product&#038;p=4384"},"modified":"2022-04-06T08:27:38","modified_gmt":"2022-04-06T08:27:38","slug":"wonpet-cat-oyuncak-komik-ziplayan-oyuncak-ic-mekan-oyuncak-4","status":"publish","type":"product","link":"https:\/\/www.wonpet.com\/tr\/urun\/wonpet-cat-oyuncak-komik-ziplayan-oyuncak-ic-mekan-oyuncak-4\/","title":{"rendered":"WONPET Kedi Oyuncak Komik Z\u0131playan Oyuncak Kapal\u0131 Oyuncak"},"content":{"rendered":"","protected":false},"excerpt":{"rendered":"<p>\u00dcR\u00dcN NO.: CT22021<\/p>\n<p>BOYUT: 45CM\u2026 <a href=\"https:\/\/www.wonpet.com\/tr\/urun\/wonpet-cat-oyuncak-komik-ziplayan-oyuncak-ic-mekan-oyuncak-4\/\" class=\"more-link\"><span class=\"more-button\">\u015eimdi al<span class=\"screen-reader-text\">WONPET Kedi Oyuncak Komik Z\u0131playan Oyuncak Kapal\u0131 Oyuncak<\/span><\/span><\/a><\/p>","protected":false},"featured_media":4378,"template":"","meta":[],"product_brand":[],"product_cat":[19],"product_tag":[144,125],"class_list":{"0":"post-4384","1":"product","2":"type-product","3":"status-publish","4":"has-post-thumbnail","6":"product_cat-cat_toy","7":"product_tag-bouncing-toy","8":"product_tag-cat-supply","10":"first","11":"instock","12":"shipping-taxable","13":"product-type-simple"},"_links":{"self":[{"href":"https:\/\/www.wonpet.com\/tr\/wp-json\/wp\/v2\/product\/4384","targetHints":{"allow":["GET"]}}],"collection":[{"href":"https:\/\/www.wonpet.com\/tr\/wp-json\/wp\/v2\/product"}],"about":[{"href":"https:\/\/www.wonpet.com\/tr\/wp-json\/wp\/v2\/types\/product"}],"wp:featuredmedia":[{"embeddable":true,"href":"https:\/\/www.wonpet.com\/tr\/wp-json\/wp\/v2\/media\/4378"}],"wp:attachment":[{"href":"https:\/\/www.wonpet.com\/tr\/wp-json\/wp\/v2\/media?parent=4384"}],"wp:term":[{"taxonomy":"product_brand","embeddable":true,"href":"https:\/\/www.wonpet.com\/tr\/wp-json\/wp\/v2\/product_brand?post=4384"},{"taxonomy":"product_cat","embeddable":true,"href":"https:\/\/www.wonpet.com\/tr\/wp-json\/wp\/v2\/product_cat?post=4384"},{"taxonomy":"product_tag","embeddable":true,"href":"https:\/\/www.wonpet.com\/tr\/wp-json\/wp\/v2\/product_tag?post=4384"}],"curies":[{"name":"wp","href":"https:\/\/api.w.org\/{rel}","templated":true}]}}