{"id":1562,"date":"2019-11-15T06:34:55","date_gmt":"2019-11-15T06:34:55","guid":{"rendered":"https:\/\/www.wonpet.com\/?post_type=product&#038;p=1562"},"modified":"2019-11-15T06:35:16","modified_gmt":"2019-11-15T06:35:16","slug":"kedi-kaynagi-noel-etkilesimli-kedi-degnek-kedi-cubuk-7","status":"publish","type":"product","link":"https:\/\/www.wonpet.com\/tr\/urun\/kedi-kaynagi-noel-etkilesimli-kedi-degnek-kedi-cubuk-7\/","title":{"rendered":"Kedi Kayna\u011f\u0131 Noel Etkile\u015fimli Kedi De\u011fnek Kedi Sopa"},"content":{"rendered":"","protected":false},"excerpt":{"rendered":"<p>\u00dcR\u00dcN NO.: CW17056<\/p>\n<p>BOYUT: 46CM\u2026 <a href=\"https:\/\/www.wonpet.com\/tr\/urun\/kedi-kaynagi-noel-etkilesimli-kedi-degnek-kedi-cubuk-7\/\" class=\"more-link\"><span class=\"more-button\">\u015eimdi al<span class=\"screen-reader-text\">Kedi Kayna\u011f\u0131 Noel Etkile\u015fimli Kedi De\u011fnek Kedi Sopa<\/span><\/span><\/a><\/p>","protected":false},"featured_media":1563,"template":"","meta":[],"product_brand":[],"product_cat":[19,43],"product_tag":[142,49],"class_list":{"0":"post-1562","1":"product","2":"type-product","3":"status-publish","4":"has-post-thumbnail","6":"product_cat-cat_toy","7":"product_cat-cat-wand","8":"product_tag-cat-stick","9":"product_tag-cat-wand","11":"first","12":"instock","13":"shipping-taxable","14":"product-type-simple"},"_links":{"self":[{"href":"https:\/\/www.wonpet.com\/tr\/wp-json\/wp\/v2\/product\/1562","targetHints":{"allow":["GET"]}}],"collection":[{"href":"https:\/\/www.wonpet.com\/tr\/wp-json\/wp\/v2\/product"}],"about":[{"href":"https:\/\/www.wonpet.com\/tr\/wp-json\/wp\/v2\/types\/product"}],"wp:featuredmedia":[{"embeddable":true,"href":"https:\/\/www.wonpet.com\/tr\/wp-json\/wp\/v2\/media\/1563"}],"wp:attachment":[{"href":"https:\/\/www.wonpet.com\/tr\/wp-json\/wp\/v2\/media?parent=1562"}],"wp:term":[{"taxonomy":"product_brand","embeddable":true,"href":"https:\/\/www.wonpet.com\/tr\/wp-json\/wp\/v2\/product_brand?post=1562"},{"taxonomy":"product_cat","embeddable":true,"href":"https:\/\/www.wonpet.com\/tr\/wp-json\/wp\/v2\/product_cat?post=1562"},{"taxonomy":"product_tag","embeddable":true,"href":"https:\/\/www.wonpet.com\/tr\/wp-json\/wp\/v2\/product_tag?post=1562"}],"curies":[{"name":"wp","href":"https:\/\/api.w.org\/{rel}","templated":true}]}}