{"id":1351,"date":"2019-11-15T03:55:37","date_gmt":"2019-11-15T03:55:37","guid":{"rendered":"https:\/\/www.wonpet.com\/?post_type=product&#038;p=1351"},"modified":"2019-11-15T03:55:50","modified_gmt":"2019-11-15T03:55:50","slug":"kedi-oyuncak-set-ile-fare-ve-top-pet-tedarik-11","status":"publish","type":"product","link":"https:\/\/www.wonpet.com\/tr\/urun\/kedi-oyuncak-set-ile-fare-ve-top-pet-tedarik-11\/","title":{"rendered":"Fareler ve Toplar ile Pet Oyuncaklar Set Pet Kayna\u011f\u0131"},"content":{"rendered":"","protected":false},"excerpt":{"rendered":"<p>E\u015eYA YOK .: D-set 20<\/p>\n<p>BOYUT: 3 adet\/tak\u0131m\u2026 <a href=\"https:\/\/www.wonpet.com\/tr\/urun\/kedi-oyuncak-set-ile-fare-ve-top-pet-tedarik-11\/\" class=\"more-link\"><span class=\"more-button\">\u015eimdi al<span class=\"screen-reader-text\">Fareler ve Toplar ile Pet Oyuncaklar Set Pet Kayna\u011f\u0131<\/span><\/span><\/a><\/p>","protected":false},"featured_media":1336,"template":"","meta":[],"product_brand":[],"product_cat":[44,19,45],"product_tag":[125,137],"class_list":{"0":"post-1351","1":"product","2":"type-product","3":"status-publish","4":"has-post-thumbnail","6":"product_cat-cat-ball","7":"product_cat-cat_toy","8":"product_cat-mouse","9":"product_tag-cat-supply","10":"product_tag-catnip-toy","12":"first","13":"instock","14":"shipping-taxable","15":"product-type-simple"},"_links":{"self":[{"href":"https:\/\/www.wonpet.com\/tr\/wp-json\/wp\/v2\/product\/1351","targetHints":{"allow":["GET"]}}],"collection":[{"href":"https:\/\/www.wonpet.com\/tr\/wp-json\/wp\/v2\/product"}],"about":[{"href":"https:\/\/www.wonpet.com\/tr\/wp-json\/wp\/v2\/types\/product"}],"wp:featuredmedia":[{"embeddable":true,"href":"https:\/\/www.wonpet.com\/tr\/wp-json\/wp\/v2\/media\/1336"}],"wp:attachment":[{"href":"https:\/\/www.wonpet.com\/tr\/wp-json\/wp\/v2\/media?parent=1351"}],"wp:term":[{"taxonomy":"product_brand","embeddable":true,"href":"https:\/\/www.wonpet.com\/tr\/wp-json\/wp\/v2\/product_brand?post=1351"},{"taxonomy":"product_cat","embeddable":true,"href":"https:\/\/www.wonpet.com\/tr\/wp-json\/wp\/v2\/product_cat?post=1351"},{"taxonomy":"product_tag","embeddable":true,"href":"https:\/\/www.wonpet.com\/tr\/wp-json\/wp\/v2\/product_tag?post=1351"}],"curies":[{"name":"wp","href":"https:\/\/api.w.org\/{rel}","templated":true}]}}