{"id":1283,"date":"2019-11-15T03:25:09","date_gmt":"2019-11-15T03:25:09","guid":{"rendered":"https:\/\/www.wonpet.com\/?post_type=product&#038;p=1283"},"modified":"2019-11-15T03:26:32","modified_gmt":"2019-11-15T03:26:32","slug":"kedi-pamuk-oyuncaklar-pet-tedarik-ile-catnip-orumcek-pelus-oyuncaklar-kopya","status":"publish","type":"product","link":"https:\/\/www.wonpet.com\/tr\/urun\/kedi-pamuk-oyuncaklar-pet-tedarik-ile-catnip-orumcek-pelus-oyuncaklar-kopya\/","title":{"rendered":"Catnip Pelu\u015f Oyuncaklar ile Kedi Pamuk Oyuncaklar Pet Kayna\u011f\u0131"},"content":{"rendered":"","protected":false},"excerpt":{"rendered":"<p>\u00dcR\u00dcN NO.: CT19068<\/p>\n<p>BOYUT: 12CM\u2026 <a href=\"https:\/\/www.wonpet.com\/tr\/urun\/kedi-pamuk-oyuncaklar-pet-tedarik-ile-catnip-orumcek-pelus-oyuncaklar-kopya\/\" class=\"more-link\"><span class=\"more-button\">\u015eimdi al<span class=\"screen-reader-text\">Catnip Pelu\u015f Oyuncaklar ile Kedi Pamuk Oyuncaklar Pet Kayna\u011f\u0131<\/span><\/span><\/a><\/p>","protected":false},"featured_media":1273,"template":"","meta":[],"product_brand":[],"product_cat":[46,19],"product_tag":[125,137],"class_list":{"0":"post-1283","1":"product","2":"type-product","3":"status-publish","4":"has-post-thumbnail","6":"product_cat-animals-others","7":"product_cat-cat_toy","8":"product_tag-cat-supply","9":"product_tag-catnip-toy","11":"first","12":"instock","13":"shipping-taxable","14":"product-type-simple"},"_links":{"self":[{"href":"https:\/\/www.wonpet.com\/tr\/wp-json\/wp\/v2\/product\/1283","targetHints":{"allow":["GET"]}}],"collection":[{"href":"https:\/\/www.wonpet.com\/tr\/wp-json\/wp\/v2\/product"}],"about":[{"href":"https:\/\/www.wonpet.com\/tr\/wp-json\/wp\/v2\/types\/product"}],"wp:featuredmedia":[{"embeddable":true,"href":"https:\/\/www.wonpet.com\/tr\/wp-json\/wp\/v2\/media\/1273"}],"wp:attachment":[{"href":"https:\/\/www.wonpet.com\/tr\/wp-json\/wp\/v2\/media?parent=1283"}],"wp:term":[{"taxonomy":"product_brand","embeddable":true,"href":"https:\/\/www.wonpet.com\/tr\/wp-json\/wp\/v2\/product_brand?post=1283"},{"taxonomy":"product_cat","embeddable":true,"href":"https:\/\/www.wonpet.com\/tr\/wp-json\/wp\/v2\/product_cat?post=1283"},{"taxonomy":"product_tag","embeddable":true,"href":"https:\/\/www.wonpet.com\/tr\/wp-json\/wp\/v2\/product_tag?post=1283"}],"curies":[{"name":"wp","href":"https:\/\/api.w.org\/{rel}","templated":true}]}}