{"id":125,"date":"2019-10-31T06:35:29","date_gmt":"2019-10-31T06:35:29","guid":{"rendered":"https:\/\/www.wonpet.com\/?post_type=product&#038;p=125"},"modified":"2019-10-31T08:08:34","modified_gmt":"2019-10-31T08:08:34","slug":"komik-kedi-degnek-kurk-dangler","status":"publish","type":"product","link":"https:\/\/www.wonpet.com\/tr\/urun\/komik-kedi-degnek-kurk-dangler\/","title":{"rendered":"Komik Kedi De\u011fnek K\u00fcrk Dangler"},"content":{"rendered":"","protected":false},"excerpt":{"rendered":"<p><strong>E\u015eYA YOK .: CW16025<\/strong><\/p>\n<p><strong>BOYUT: 42cm<\/strong> ... <a href=\"https:\/\/www.wonpet.com\/tr\/urun\/komik-kedi-degnek-kurk-dangler\/\" class=\"more-link\"><span class=\"more-button\">\u015eimdi al<span class=\"screen-reader-text\">Komik Kedi De\u011fnek K\u00fcrk Dangler<\/span><\/span><\/a><\/p>","protected":false},"featured_media":126,"template":"","meta":[],"product_brand":[],"product_cat":[19,43],"product_tag":[50,41,49],"class_list":{"0":"post-125","1":"product","2":"type-product","3":"status-publish","4":"has-post-thumbnail","6":"product_cat-cat_toy","7":"product_cat-cat-wand","8":"product_tag-cat-dangler","9":"product_tag-cat-toys","10":"product_tag-cat-wand","12":"first","13":"instock","14":"shipping-taxable","15":"product-type-simple"},"_links":{"self":[{"href":"https:\/\/www.wonpet.com\/tr\/wp-json\/wp\/v2\/product\/125","targetHints":{"allow":["GET"]}}],"collection":[{"href":"https:\/\/www.wonpet.com\/tr\/wp-json\/wp\/v2\/product"}],"about":[{"href":"https:\/\/www.wonpet.com\/tr\/wp-json\/wp\/v2\/types\/product"}],"wp:featuredmedia":[{"embeddable":true,"href":"https:\/\/www.wonpet.com\/tr\/wp-json\/wp\/v2\/media\/126"}],"wp:attachment":[{"href":"https:\/\/www.wonpet.com\/tr\/wp-json\/wp\/v2\/media?parent=125"}],"wp:term":[{"taxonomy":"product_brand","embeddable":true,"href":"https:\/\/www.wonpet.com\/tr\/wp-json\/wp\/v2\/product_brand?post=125"},{"taxonomy":"product_cat","embeddable":true,"href":"https:\/\/www.wonpet.com\/tr\/wp-json\/wp\/v2\/product_cat?post=125"},{"taxonomy":"product_tag","embeddable":true,"href":"https:\/\/www.wonpet.com\/tr\/wp-json\/wp\/v2\/product_tag?post=125"}],"curies":[{"name":"wp","href":"https:\/\/api.w.org\/{rel}","templated":true}]}}