{"id":1180,"date":"2019-11-14T06:25:16","date_gmt":"2019-11-14T06:25:16","guid":{"rendered":"https:\/\/www.wonpet.com\/?post_type=product&#038;p=1180"},"modified":"2019-11-14T06:26:14","modified_gmt":"2019-11-14T06:26:14","slug":"wonpet-cat-oyuncaklar-plastik-oyuncaklar","status":"publish","type":"product","link":"https:\/\/www.wonpet.com\/tr\/urun\/wonpet-cat-oyuncaklar-plastik-oyuncaklar\/","title":{"rendered":"WONPET Kedi Oyuncaklar\u0131 Plastik Oyuncaklar"},"content":{"rendered":"","protected":false},"excerpt":{"rendered":"<p>\u00dcR\u00dcN NO.: CT19020<\/p>\n<p>BOYUT: 7CM\u2026 <a href=\"https:\/\/www.wonpet.com\/tr\/urun\/wonpet-cat-oyuncaklar-plastik-oyuncaklar\/\" class=\"more-link\"><span class=\"more-button\">\u015eimdi al<span class=\"screen-reader-text\">WONPET Kedi Oyuncaklar\u0131 Plastik Oyuncaklar<\/span><\/span><\/a><\/p>","protected":false},"featured_media":1174,"template":"","meta":[],"product_brand":[],"product_cat":[46,19],"product_tag":[125,41],"class_list":{"0":"post-1180","1":"product","2":"type-product","3":"status-publish","4":"has-post-thumbnail","6":"product_cat-animals-others","7":"product_cat-cat_toy","8":"product_tag-cat-supply","9":"product_tag-cat-toys","11":"first","12":"instock","13":"shipping-taxable","14":"product-type-simple"},"_links":{"self":[{"href":"https:\/\/www.wonpet.com\/tr\/wp-json\/wp\/v2\/product\/1180","targetHints":{"allow":["GET"]}}],"collection":[{"href":"https:\/\/www.wonpet.com\/tr\/wp-json\/wp\/v2\/product"}],"about":[{"href":"https:\/\/www.wonpet.com\/tr\/wp-json\/wp\/v2\/types\/product"}],"wp:featuredmedia":[{"embeddable":true,"href":"https:\/\/www.wonpet.com\/tr\/wp-json\/wp\/v2\/media\/1174"}],"wp:attachment":[{"href":"https:\/\/www.wonpet.com\/tr\/wp-json\/wp\/v2\/media?parent=1180"}],"wp:term":[{"taxonomy":"product_brand","embeddable":true,"href":"https:\/\/www.wonpet.com\/tr\/wp-json\/wp\/v2\/product_brand?post=1180"},{"taxonomy":"product_cat","embeddable":true,"href":"https:\/\/www.wonpet.com\/tr\/wp-json\/wp\/v2\/product_cat?post=1180"},{"taxonomy":"product_tag","embeddable":true,"href":"https:\/\/www.wonpet.com\/tr\/wp-json\/wp\/v2\/product_tag?post=1180"}],"curies":[{"name":"wp","href":"https:\/\/api.w.org\/{rel}","templated":true}]}}