{"id":1026,"date":"2019-11-13T06:30:25","date_gmt":"2019-11-13T06:30:25","guid":{"rendered":"https:\/\/www.wonpet.com\/?post_type=product&#038;p=1026"},"modified":"2019-11-13T06:30:25","modified_gmt":"2019-11-13T06:30:25","slug":"tuylu-kedi-oyuncak-fareler-kapali-oyun","status":"publish","type":"product","link":"https:\/\/www.wonpet.com\/tr\/urun\/tuylu-kedi-oyuncak-fareler-kapali-oyun\/","title":{"rendered":"T\u00fcyl\u00fc kedi oyuncak fare kapal\u0131 oyun"},"content":{"rendered":"","protected":false},"excerpt":{"rendered":"<p>\u00dcR\u00dcN NO.: CT14071 \u2013 2\u2033<\/p>\n<p>CT14071 \u2013 2,5&quot;<\/p>\n<p>CT14071 \u2013 3\u201d \u2026 <a href=\"https:\/\/www.wonpet.com\/tr\/urun\/tuylu-kedi-oyuncak-fareler-kapali-oyun\/\" class=\"more-link\"><span class=\"more-button\">\u015eimdi al<span class=\"screen-reader-text\">T\u00fcyl\u00fc kedi oyuncak fare kapal\u0131 oyun<\/span><\/span><\/a><\/p>","protected":false},"featured_media":1027,"template":"","meta":[],"product_brand":[],"product_cat":[19,45],"product_tag":[56,124],"class_list":{"0":"post-1026","1":"product","2":"type-product","3":"status-publish","4":"has-post-thumbnail","6":"product_cat-cat_toy","7":"product_cat-mouse","8":"product_tag-cat-mice","9":"product_tag-cat-mouse-toy","11":"first","12":"instock","13":"shipping-taxable","14":"product-type-simple"},"_links":{"self":[{"href":"https:\/\/www.wonpet.com\/tr\/wp-json\/wp\/v2\/product\/1026","targetHints":{"allow":["GET"]}}],"collection":[{"href":"https:\/\/www.wonpet.com\/tr\/wp-json\/wp\/v2\/product"}],"about":[{"href":"https:\/\/www.wonpet.com\/tr\/wp-json\/wp\/v2\/types\/product"}],"wp:featuredmedia":[{"embeddable":true,"href":"https:\/\/www.wonpet.com\/tr\/wp-json\/wp\/v2\/media\/1027"}],"wp:attachment":[{"href":"https:\/\/www.wonpet.com\/tr\/wp-json\/wp\/v2\/media?parent=1026"}],"wp:term":[{"taxonomy":"product_brand","embeddable":true,"href":"https:\/\/www.wonpet.com\/tr\/wp-json\/wp\/v2\/product_brand?post=1026"},{"taxonomy":"product_cat","embeddable":true,"href":"https:\/\/www.wonpet.com\/tr\/wp-json\/wp\/v2\/product_cat?post=1026"},{"taxonomy":"product_tag","embeddable":true,"href":"https:\/\/www.wonpet.com\/tr\/wp-json\/wp\/v2\/product_tag?post=1026"}],"curies":[{"name":"wp","href":"https:\/\/api.w.org\/{rel}","templated":true}]}}