{"id":85,"date":"2019-10-30T10:19:16","date_gmt":"2019-10-30T10:19:16","guid":{"rendered":"https:\/\/www.wonpet.com\/?page_id=85"},"modified":"2019-11-11T06:09:01","modified_gmt":"2019-11-11T06:09:01","slug":"hakkimizda","status":"publish","type":"page","link":"https:\/\/www.wonpet.com\/tr\/hakkimizda\/","title":{"rendered":"Hakk\u0131m\u0131zda"},"content":{"rendered":"<div class=\"wp-block-image\"><figure class=\"aligncenter\"><img loading=\"lazy\" decoding=\"async\" width=\"1024\" height=\"337\" src=\"https:\/\/www.wonpet.com\/wp-content\/uploads\/2019\/10\/about-us-banner-1024x337.jpg\" alt=\"\" class=\"wp-image-183\" srcset=\"https:\/\/www.wonpet.com\/wp-content\/uploads\/2019\/10\/about-us-banner-1024x337.jpg 1024w, https:\/\/www.wonpet.com\/wp-content\/uploads\/2019\/10\/about-us-banner-300x99.jpg 300w, https:\/\/www.wonpet.com\/wp-content\/uploads\/2019\/10\/about-us-banner-768x253.jpg 768w, https:\/\/www.wonpet.com\/wp-content\/uploads\/2019\/10\/about-us-banner-600x198.jpg 600w, https:\/\/www.wonpet.com\/wp-content\/uploads\/2019\/10\/about-us-banner.jpg 1366w\" sizes=\"auto, (max-width: 1024px) 100vw, 1024px\" \/><figcaption>\u0130nsan\u0131n Do\u011fa ile \u0130li\u015fkisi<br>Siz ve Evcil Hayvan\u0131n\u0131z Mutlu Oldu\u011funda Do\u011fa Hayat\u0131n\u0131 Sevece\u011finize \u0130nan\u0131yoruz<\/figcaption><\/figure><\/div>\n\n\n\n<div class=\"wp-block-image\"><figure class=\"aligncenter\"><img loading=\"lazy\" decoding=\"async\" width=\"954\" height=\"388\" src=\"https:\/\/www.wonpet.com\/wp-content\/uploads\/2019\/10\/logo.png\" alt=\"\" class=\"wp-image-233\" srcset=\"https:\/\/www.wonpet.com\/wp-content\/uploads\/2019\/10\/logo.png 954w, https:\/\/www.wonpet.com\/wp-content\/uploads\/2019\/10\/logo-300x122.png 300w, https:\/\/www.wonpet.com\/wp-content\/uploads\/2019\/10\/logo-768x312.png 768w, https:\/\/www.wonpet.com\/wp-content\/uploads\/2019\/10\/logo-600x244.png 600w\" sizes=\"auto, (max-width: 954px) 100vw, 954px\" \/><figcaption> GUANGZHOU WONPET COMPANY LIMITED y\u00fcksek kaliteli online al\u0131\u015fveri\u015f yan\u0131 s\u0131ra toptan platform olu\u015fturmak i\u00e7in y\u00fcksek kaliteli evcil hayvan \u00fcr\u00fcnleri \u00fcretimi ve sat\u0131\u015f\u0131 i\u00e7in taahh\u00fct edilmi\u015ftir, b\u00f6ylece t\u00fcketiciler ve i\u015fletmeler y\u00fcksek kaliteli \u00fcr\u00fcn ve hizmetler alabilirsiniz. <\/figcaption><\/figure><\/div>\n\n\n\n<h2 class=\"wp-block-heading\" style=\"text-align:center\">\u0130\u015fimiz<\/h2>\n\n\n\n<div class=\"wp-block-columns has-2-columns is-layout-flex wp-container-core-columns-is-layout-9d6595d7 wp-block-columns-is-layout-flex\">\n<div class=\"wp-block-column is-layout-flow wp-block-column-is-layout-flow\">\n<blockquote style=\"text-align:center\" class=\"wp-block-quote is-layout-flow wp-block-quote-is-layout-flow\"><p><img loading=\"lazy\" decoding=\"async\" width=\"450\" height=\"278\" class=\"wp-image-384\" style=\"width: 450px;\" src=\"https:\/\/www.wonpet.com\/wp-content\/uploads\/2019\/11\/ship_icon-1.jpg\" alt=\"\" srcset=\"https:\/\/www.wonpet.com\/wp-content\/uploads\/2019\/11\/ship_icon-1.jpg 485w, https:\/\/www.wonpet.com\/wp-content\/uploads\/2019\/11\/ship_icon-1-300x186.jpg 300w\" sizes=\"auto, (max-width: 450px) 100vw, 450px\" \/><\/p><cite><strong>OEM<\/strong> i\u015f<\/cite><\/blockquote>\n<\/div>\n\n\n\n<div class=\"wp-block-column is-layout-flow wp-block-column-is-layout-flow\">\n<blockquote style=\"text-align:center\" class=\"wp-block-quote is-layout-flow wp-block-quote-is-layout-flow\"><p><img loading=\"lazy\" decoding=\"async\" width=\"450\" height=\"278\" class=\"wp-image-358\" style=\"width: 450px;\" src=\"https:\/\/www.wonpet.com\/wp-content\/uploads\/2019\/11\/amazon_logo.jpg\" alt=\"\" srcset=\"https:\/\/www.wonpet.com\/wp-content\/uploads\/2019\/11\/amazon_logo.jpg 485w, https:\/\/www.wonpet.com\/wp-content\/uploads\/2019\/11\/amazon_logo-300x186.jpg 300w\" sizes=\"auto, (max-width: 450px) 100vw, 450px\" \/><\/p><cite><strong>Perakende<\/strong> i\u015f<\/cite><\/blockquote>\n<\/div>\n<\/div>\n\n\n\n<h2 class=\"wp-block-heading\" style=\"text-align:center\">\u0130\u015f ahlak\u0131<\/h2>\n\n\n\n<p style=\"text-align:center\">Sat\u0131\u015f politikam\u0131z ulusal yasa ve d\u00fczenlemelere uymakt\u0131r.<br>\u00dcr\u00fcn\u00fcm\u00fcz yerel yasa ve d\u00fczenlemelere uyacakt\u0131r.<br>L\u00fctfen bize e-posta ile dan\u0131\u015fma g\u00f6nderin Y\u00f6netmelik: info@wonpet.com<\/p>\n\n\n\n<h2 class=\"wp-block-heading\" style=\"text-align:center\">Bize Ula\u015f\u0131n<\/h2>\n\n\n\n<p style=\"text-align:center\">GUANGZHOU WONPET COMPANY SINIRLI<br>518, Yunhui Kona\u011f\u0131 YunJing Lu, TongHe, Guangzhou, \u00c7\u0130N<br>Posta kodu: 510515<br>M\u00fc\u015fteri Hizmetleri: 86-20-87282878<br><br>Herhangi bir \u00f6neriniz veya yorumunuz varsa l\u00fctfen bize e-posta g\u00f6nderin: info@wonpet.com<\/p>","protected":false},"excerpt":{"rendered":"<p>\u0130\u015fimiz OEM \u0130\u015f Perakende \u0130\u015f Eti\u011fi Sat\u0131\u015f politikam\u0131z ulusal yasa ve y\u00f6netmeliklere uymakt\u0131r. \u00dcr\u00fcn\u00fcm\u00fcz \u2026 <a href=\"https:\/\/www.wonpet.com\/tr\/hakkimizda\/\" class=\"more-link\"><span class=\"more-button\">Okumaya devam et<span class=\"screen-reader-text\">Hakk\u0131m\u0131zda<\/span><\/span><\/a><\/p>","protected":false},"author":1,"featured_media":0,"parent":0,"menu_order":0,"comment_status":"closed","ping_status":"closed","template":"templates\/full-width-page.php","meta":{"footnotes":""},"class_list":["post-85","page","type-page","status-publish","hentry"],"_links":{"self":[{"href":"https:\/\/www.wonpet.com\/tr\/wp-json\/wp\/v2\/pages\/85","targetHints":{"allow":["GET"]}}],"collection":[{"href":"https:\/\/www.wonpet.com\/tr\/wp-json\/wp\/v2\/pages"}],"about":[{"href":"https:\/\/www.wonpet.com\/tr\/wp-json\/wp\/v2\/types\/page"}],"author":[{"embeddable":true,"href":"https:\/\/www.wonpet.com\/tr\/wp-json\/wp\/v2\/users\/1"}],"replies":[{"embeddable":true,"href":"https:\/\/www.wonpet.com\/tr\/wp-json\/wp\/v2\/comments?post=85"}],"version-history":[{"count":22,"href":"https:\/\/www.wonpet.com\/tr\/wp-json\/wp\/v2\/pages\/85\/revisions"}],"predecessor-version":[{"id":385,"href":"https:\/\/www.wonpet.com\/tr\/wp-json\/wp\/v2\/pages\/85\/revisions\/385"}],"wp:attachment":[{"href":"https:\/\/www.wonpet.com\/tr\/wp-json\/wp\/v2\/media?parent=85"}],"curies":[{"name":"wp","href":"https:\/\/api.w.org\/{rel}","templated":true}]}}