{"id":907,"date":"2019-11-12T07:18:55","date_gmt":"2019-11-12T07:18:55","guid":{"rendered":"https:\/\/www.wonpet.com\/?post_type=product&#038;p=907"},"modified":"2019-11-12T07:18:55","modified_gmt":"2019-11-12T07:18:55","slug":"spuma-pisica-jucarii-minge-curcubeu-bile-culoare-joc-linistit","status":"publish","type":"product","link":"https:\/\/www.wonpet.com\/ro\/produs\/spuma-pisica-jucarii-minge-curcubeu-bile-culoare-joc-linistit\/","title":{"rendered":"Juc\u0103rii din spum\u0103 pisic\u0103 Bile Curcubeu Bile de culoare lini\u0219tite"},"content":{"rendered":"","protected":false},"excerpt":{"rendered":"<p>NR. ARTICOL: CT12007<\/p>\n<p>DIMENSIUNE: 3,5 cm... <a href=\"https:\/\/www.wonpet.com\/ro\/produs\/spuma-pisica-jucarii-minge-curcubeu-bile-culoare-joc-linistit\/\" class=\"more-link\"><span class=\"more-button\">Cump\u0103r\u0103 acum<span class=\"screen-reader-text\">Juc\u0103rii din spum\u0103 pisic\u0103 Bile Curcubeu Bile de culoare lini\u0219tite<\/span><\/span><\/a><\/p>","protected":false},"featured_media":909,"template":"","meta":[],"product_brand":[],"product_cat":[44,19],"product_tag":[128,125],"class_list":{"0":"post-907","1":"product","2":"type-product","3":"status-publish","4":"has-post-thumbnail","6":"product_cat-cat-ball","7":"product_cat-cat_toy","8":"product_tag-cat-feather-ball","9":"product_tag-cat-supply","11":"first","12":"instock","13":"shipping-taxable","14":"product-type-simple"},"_links":{"self":[{"href":"https:\/\/www.wonpet.com\/ro\/wp-json\/wp\/v2\/product\/907","targetHints":{"allow":["GET"]}}],"collection":[{"href":"https:\/\/www.wonpet.com\/ro\/wp-json\/wp\/v2\/product"}],"about":[{"href":"https:\/\/www.wonpet.com\/ro\/wp-json\/wp\/v2\/types\/product"}],"wp:featuredmedia":[{"embeddable":true,"href":"https:\/\/www.wonpet.com\/ro\/wp-json\/wp\/v2\/media\/909"}],"wp:attachment":[{"href":"https:\/\/www.wonpet.com\/ro\/wp-json\/wp\/v2\/media?parent=907"}],"wp:term":[{"taxonomy":"product_brand","embeddable":true,"href":"https:\/\/www.wonpet.com\/ro\/wp-json\/wp\/v2\/product_brand?post=907"},{"taxonomy":"product_cat","embeddable":true,"href":"https:\/\/www.wonpet.com\/ro\/wp-json\/wp\/v2\/product_cat?post=907"},{"taxonomy":"product_tag","embeddable":true,"href":"https:\/\/www.wonpet.com\/ro\/wp-json\/wp\/v2\/product_tag?post=907"}],"curies":[{"name":"wp","href":"https:\/\/api.w.org\/{rel}","templated":true}]}}