{"id":668,"date":"2019-11-07T01:52:47","date_gmt":"2019-11-07T01:52:47","guid":{"rendered":"https:\/\/www.wonpet.com\/?post_type=product&#038;p=668"},"modified":"2019-11-07T01:52:48","modified_gmt":"2019-11-07T01:52:48","slug":"minunat-producator-de-jucarii-de-caine-scurta-scurta-de-animale-de-companie","status":"publish","type":"product","link":"https:\/\/www.wonpet.com\/ro\/produs\/minunat-producator-de-jucarii-de-caine-scurta-scurta-de-animale-de-companie\/","title":{"rendered":"Produc\u0103tor de juc\u0103rii pentru c\u00e2ini pentru animale de companie minunate"},"content":{"rendered":"","protected":false},"excerpt":{"rendered":"<p>NR. ARTICOL: PL20011<\/p>\n<p>DIMENSIUNE: 18CM... <a href=\"https:\/\/www.wonpet.com\/ro\/produs\/minunat-producator-de-jucarii-de-caine-scurta-scurta-de-animale-de-companie\/\" class=\"more-link\"><span class=\"more-button\">Cump\u0103r\u0103 acum<span class=\"screen-reader-text\">Produc\u0103tor de juc\u0103rii pentru c\u00e2ini pentru animale de companie minunate<\/span><\/span><\/a><\/p>","protected":false},"featured_media":658,"template":"","meta":[],"product_brand":[],"product_cat":[18,51],"product_tag":[78,62],"class_list":{"0":"post-668","1":"product","2":"type-product","3":"status-publish","4":"has-post-thumbnail","6":"product_cat-dog_toy","7":"product_cat-plush-toy","8":"product_tag-puppy-dog-toy","9":"product_tag-small-dog-toys","11":"first","12":"instock","13":"shipping-taxable","14":"product-type-simple"},"_links":{"self":[{"href":"https:\/\/www.wonpet.com\/ro\/wp-json\/wp\/v2\/product\/668","targetHints":{"allow":["GET"]}}],"collection":[{"href":"https:\/\/www.wonpet.com\/ro\/wp-json\/wp\/v2\/product"}],"about":[{"href":"https:\/\/www.wonpet.com\/ro\/wp-json\/wp\/v2\/types\/product"}],"wp:featuredmedia":[{"embeddable":true,"href":"https:\/\/www.wonpet.com\/ro\/wp-json\/wp\/v2\/media\/658"}],"wp:attachment":[{"href":"https:\/\/www.wonpet.com\/ro\/wp-json\/wp\/v2\/media?parent=668"}],"wp:term":[{"taxonomy":"product_brand","embeddable":true,"href":"https:\/\/www.wonpet.com\/ro\/wp-json\/wp\/v2\/product_brand?post=668"},{"taxonomy":"product_cat","embeddable":true,"href":"https:\/\/www.wonpet.com\/ro\/wp-json\/wp\/v2\/product_cat?post=668"},{"taxonomy":"product_tag","embeddable":true,"href":"https:\/\/www.wonpet.com\/ro\/wp-json\/wp\/v2\/product_tag?post=668"}],"curies":[{"name":"wp","href":"https:\/\/api.w.org\/{rel}","templated":true}]}}