{"id":579,"date":"2019-11-06T03:53:03","date_gmt":"2019-11-06T03:53:03","guid":{"rendered":"https:\/\/www.wonpet.com\/?post_type=product&#038;p=579"},"modified":"2019-11-06T03:53:03","modified_gmt":"2019-11-06T03:53:03","slug":"tuns-unghii-caine-pisica-set-de-toaletare-animale-de-animale-2","status":"publish","type":"product","link":"https:\/\/www.wonpet.com\/ro\/produs\/tuns-unghii-caine-pisica-set-de-toaletare-animale-de-animale-2\/","title":{"rendered":"Set de \u00eengrijire pentru animale de companie pentru c\u00e2ine pentru unghii de c\u00e2ine"},"content":{"rendered":"","protected":false},"excerpt":{"rendered":"<p><strong>NR. ARTICOL: GR5020<\/strong><\/p>\n<p><strong>DIMENSIUNE: 12CM<\/strong> ... <a href=\"https:\/\/www.wonpet.com\/ro\/produs\/tuns-unghii-caine-pisica-set-de-toaletare-animale-de-animale-2\/\" class=\"more-link\"><span class=\"more-button\">Cump\u0103r\u0103 acum<span class=\"screen-reader-text\">Set de \u00eengrijire pentru animale de companie pentru c\u00e2ine pentru unghii de c\u00e2ine<\/span><\/span><\/a><\/p>","protected":false},"featured_media":569,"template":"","meta":[],"product_brand":[],"product_cat":[60,59],"product_tag":[99,104],"class_list":{"0":"post-579","1":"product","2":"type-product","3":"status-publish","4":"has-post-thumbnail","6":"product_cat-grooming","7":"product_cat-pet-supplies","8":"product_tag-dog-grooming","9":"product_tag-nail-clipper","11":"first","12":"instock","13":"shipping-taxable","14":"product-type-simple"},"_links":{"self":[{"href":"https:\/\/www.wonpet.com\/ro\/wp-json\/wp\/v2\/product\/579","targetHints":{"allow":["GET"]}}],"collection":[{"href":"https:\/\/www.wonpet.com\/ro\/wp-json\/wp\/v2\/product"}],"about":[{"href":"https:\/\/www.wonpet.com\/ro\/wp-json\/wp\/v2\/types\/product"}],"wp:featuredmedia":[{"embeddable":true,"href":"https:\/\/www.wonpet.com\/ro\/wp-json\/wp\/v2\/media\/569"}],"wp:attachment":[{"href":"https:\/\/www.wonpet.com\/ro\/wp-json\/wp\/v2\/media?parent=579"}],"wp:term":[{"taxonomy":"product_brand","embeddable":true,"href":"https:\/\/www.wonpet.com\/ro\/wp-json\/wp\/v2\/product_brand?post=579"},{"taxonomy":"product_cat","embeddable":true,"href":"https:\/\/www.wonpet.com\/ro\/wp-json\/wp\/v2\/product_cat?post=579"},{"taxonomy":"product_tag","embeddable":true,"href":"https:\/\/www.wonpet.com\/ro\/wp-json\/wp\/v2\/product_tag?post=579"}],"curies":[{"name":"wp","href":"https:\/\/api.w.org\/{rel}","templated":true}]}}