{"id":5021,"date":"2023-04-13T07:27:52","date_gmt":"2023-04-13T07:27:52","guid":{"rendered":"https:\/\/www.wonpet.com\/?post_type=product&#038;p=5021"},"modified":"2023-04-13T07:28:44","modified_gmt":"2023-04-13T07:28:44","slug":"tuns-unghii-caine-pisica-wonpet-10","status":"publish","type":"product","link":"https:\/\/www.wonpet.com\/ro\/produs\/tuns-unghii-caine-pisica-wonpet-10\/","title":{"rendered":"Ma\u0219in\u0103 de t\u0103iat unghii c\u00e2ine pisic\u0103 WONPET"},"content":{"rendered":"","protected":false},"excerpt":{"rendered":"<p>ARTICOL NR:GR5014<br \/>\nDIMENSIUNE: 13,5 cm... <a href=\"https:\/\/www.wonpet.com\/ro\/produs\/tuns-unghii-caine-pisica-wonpet-10\/\" class=\"more-link\"><span class=\"more-button\">Cump\u0103r\u0103 acum<span class=\"screen-reader-text\">Ma\u0219in\u0103 de t\u0103iat unghii c\u00e2ine pisic\u0103 WONPET<\/span><\/span><\/a><\/p>","protected":false},"featured_media":5008,"template":"","meta":[],"product_brand":[],"product_cat":[60,59],"product_tag":[],"class_list":{"0":"post-5021","1":"product","2":"type-product","3":"status-publish","4":"has-post-thumbnail","6":"product_cat-grooming","7":"product_cat-pet-supplies","9":"first","10":"instock","11":"shipping-taxable","12":"product-type-simple"},"_links":{"self":[{"href":"https:\/\/www.wonpet.com\/ro\/wp-json\/wp\/v2\/product\/5021","targetHints":{"allow":["GET"]}}],"collection":[{"href":"https:\/\/www.wonpet.com\/ro\/wp-json\/wp\/v2\/product"}],"about":[{"href":"https:\/\/www.wonpet.com\/ro\/wp-json\/wp\/v2\/types\/product"}],"wp:featuredmedia":[{"embeddable":true,"href":"https:\/\/www.wonpet.com\/ro\/wp-json\/wp\/v2\/media\/5008"}],"wp:attachment":[{"href":"https:\/\/www.wonpet.com\/ro\/wp-json\/wp\/v2\/media?parent=5021"}],"wp:term":[{"taxonomy":"product_brand","embeddable":true,"href":"https:\/\/www.wonpet.com\/ro\/wp-json\/wp\/v2\/product_brand?post=5021"},{"taxonomy":"product_cat","embeddable":true,"href":"https:\/\/www.wonpet.com\/ro\/wp-json\/wp\/v2\/product_cat?post=5021"},{"taxonomy":"product_tag","embeddable":true,"href":"https:\/\/www.wonpet.com\/ro\/wp-json\/wp\/v2\/product_tag?post=5021"}],"curies":[{"name":"wp","href":"https:\/\/api.w.org\/{rel}","templated":true}]}}