{"id":4948,"date":"2023-04-13T05:52:57","date_gmt":"2023-04-13T05:52:57","guid":{"rendered":"https:\/\/www.wonpet.com\/?post_type=product&#038;p=4948"},"modified":"2023-04-13T05:53:50","modified_gmt":"2023-04-13T05:53:50","slug":"perie-de-plastic-animale-de-animale-perie-de-toaletare-pentru-caini-20","status":"publish","type":"product","link":"https:\/\/www.wonpet.com\/ro\/produs\/perie-de-plastic-animale-de-animale-perie-de-toaletare-pentru-caini-20\/","title":{"rendered":"Perie de plastic pentru animale de companie Perie de \u00eengrijire a c\u00e2inilor pentru utilizarea c\u00e2inilor"},"content":{"rendered":"","protected":false},"excerpt":{"rendered":"<p>ARTICOL NR:GR2303006-L<\/p>\n<p>DIMENSIUNE: 14*11,5 cm<\/p>\n<p>&nbsp; ... <a href=\"https:\/\/www.wonpet.com\/ro\/produs\/perie-de-plastic-animale-de-animale-perie-de-toaletare-pentru-caini-20\/\" class=\"more-link\"><span class=\"more-button\">Cump\u0103r\u0103 acum<span class=\"screen-reader-text\">Perie de plastic pentru animale de companie Perie de \u00eengrijire a c\u00e2inilor pentru utilizarea c\u00e2inilor<\/span><\/span><\/a><\/p>","protected":false},"featured_media":4949,"template":"","meta":[],"product_brand":[],"product_cat":[60,59],"product_tag":[],"class_list":{"0":"post-4948","1":"product","2":"type-product","3":"status-publish","4":"has-post-thumbnail","6":"product_cat-grooming","7":"product_cat-pet-supplies","9":"first","10":"instock","11":"shipping-taxable","12":"product-type-simple"},"_links":{"self":[{"href":"https:\/\/www.wonpet.com\/ro\/wp-json\/wp\/v2\/product\/4948","targetHints":{"allow":["GET"]}}],"collection":[{"href":"https:\/\/www.wonpet.com\/ro\/wp-json\/wp\/v2\/product"}],"about":[{"href":"https:\/\/www.wonpet.com\/ro\/wp-json\/wp\/v2\/types\/product"}],"wp:featuredmedia":[{"embeddable":true,"href":"https:\/\/www.wonpet.com\/ro\/wp-json\/wp\/v2\/media\/4949"}],"wp:attachment":[{"href":"https:\/\/www.wonpet.com\/ro\/wp-json\/wp\/v2\/media?parent=4948"}],"wp:term":[{"taxonomy":"product_brand","embeddable":true,"href":"https:\/\/www.wonpet.com\/ro\/wp-json\/wp\/v2\/product_brand?post=4948"},{"taxonomy":"product_cat","embeddable":true,"href":"https:\/\/www.wonpet.com\/ro\/wp-json\/wp\/v2\/product_cat?post=4948"},{"taxonomy":"product_tag","embeddable":true,"href":"https:\/\/www.wonpet.com\/ro\/wp-json\/wp\/v2\/product_tag?post=4948"}],"curies":[{"name":"wp","href":"https:\/\/api.w.org\/{rel}","templated":true}]}}