{"id":4932,"date":"2023-04-13T05:36:09","date_gmt":"2023-04-13T05:36:09","guid":{"rendered":"https:\/\/www.wonpet.com\/?post_type=product&#038;p=4932"},"modified":"2023-04-13T05:41:42","modified_gmt":"2023-04-13T05:41:42","slug":"pisici-aprovizionare-craciun-interactiv-bagheta-pisica-bagheta-pisica-8","status":"publish","type":"product","link":"https:\/\/www.wonpet.com\/ro\/produs\/pisici-aprovizionare-craciun-interactiv-bagheta-pisica-bagheta-pisica-8\/","title":{"rendered":"Cat Suprafa\u021b\u0103 de Cr\u0103ciun cu bagheta interactiv\u0103 pentru pisici de Cr\u0103ciun"},"content":{"rendered":"","protected":false},"excerpt":{"rendered":"<p>NR. ARTICOL: CW2303039<\/p>\n<p>DIMENSIUNE: 50 cm... <a href=\"https:\/\/www.wonpet.com\/ro\/produs\/pisici-aprovizionare-craciun-interactiv-bagheta-pisica-bagheta-pisica-8\/\" class=\"more-link\"><span class=\"more-button\">Cump\u0103r\u0103 acum<span class=\"screen-reader-text\">Cat Suprafa\u021b\u0103 de Cr\u0103ciun cu bagheta interactiv\u0103 pentru pisici de Cr\u0103ciun<\/span><\/span><\/a><\/p>","protected":false},"featured_media":4934,"template":"","meta":[],"product_brand":[],"product_cat":[19,43],"product_tag":[],"class_list":{"0":"post-4932","1":"product","2":"type-product","3":"status-publish","4":"has-post-thumbnail","6":"product_cat-cat_toy","7":"product_cat-cat-wand","9":"first","10":"instock","11":"shipping-taxable","12":"product-type-simple"},"_links":{"self":[{"href":"https:\/\/www.wonpet.com\/ro\/wp-json\/wp\/v2\/product\/4932","targetHints":{"allow":["GET"]}}],"collection":[{"href":"https:\/\/www.wonpet.com\/ro\/wp-json\/wp\/v2\/product"}],"about":[{"href":"https:\/\/www.wonpet.com\/ro\/wp-json\/wp\/v2\/types\/product"}],"wp:featuredmedia":[{"embeddable":true,"href":"https:\/\/www.wonpet.com\/ro\/wp-json\/wp\/v2\/media\/4934"}],"wp:attachment":[{"href":"https:\/\/www.wonpet.com\/ro\/wp-json\/wp\/v2\/media?parent=4932"}],"wp:term":[{"taxonomy":"product_brand","embeddable":true,"href":"https:\/\/www.wonpet.com\/ro\/wp-json\/wp\/v2\/product_brand?post=4932"},{"taxonomy":"product_cat","embeddable":true,"href":"https:\/\/www.wonpet.com\/ro\/wp-json\/wp\/v2\/product_cat?post=4932"},{"taxonomy":"product_tag","embeddable":true,"href":"https:\/\/www.wonpet.com\/ro\/wp-json\/wp\/v2\/product_tag?post=4932"}],"curies":[{"name":"wp","href":"https:\/\/api.w.org\/{rel}","templated":true}]}}