{"id":474,"date":"2019-11-05T07:35:00","date_gmt":"2019-11-05T07:35:00","guid":{"rendered":"https:\/\/www.wonpet.com\/?post_type=product&#038;p=474"},"modified":"2019-11-05T07:35:00","modified_gmt":"2019-11-05T07:35:00","slug":"mare-porc-caine-jucarie-cub-strangere-marait-sunet","status":"publish","type":"product","link":"https:\/\/www.wonpet.com\/ro\/produs\/mare-porc-caine-jucarie-cub-strangere-marait-sunet\/","title":{"rendered":"Juc\u0103rie de c\u00e2ine mare de porc, care stoarce un sunet gr\u0103bit"},"content":{"rendered":"","protected":false},"excerpt":{"rendered":"<p><strong>NR. ARTICOL: LT19030<\/strong><\/p>\n<p><strong>DIMENSIUNE: 21CM<\/strong> ... <a href=\"https:\/\/www.wonpet.com\/ro\/produs\/mare-porc-caine-jucarie-cub-strangere-marait-sunet\/\" class=\"more-link\"><span class=\"more-button\">Cump\u0103r\u0103 acum<span class=\"screen-reader-text\">Juc\u0103rie de c\u00e2ine mare de porc, care stoarce un sunet gr\u0103bit<\/span><\/span><\/a><\/p>","protected":false},"featured_media":475,"template":"","meta":[],"product_brand":[],"product_cat":[18,20],"product_tag":[80,76],"class_list":{"0":"post-474","1":"product","2":"type-product","3":"status-publish","4":"has-post-thumbnail","6":"product_cat-dog_toy","7":"product_cat-latex_dog_toys","8":"product_tag-christmas-dog-toy","9":"product_tag-dog-pig-toy","11":"first","12":"instock","13":"shipping-taxable","14":"product-type-simple"},"_links":{"self":[{"href":"https:\/\/www.wonpet.com\/ro\/wp-json\/wp\/v2\/product\/474","targetHints":{"allow":["GET"]}}],"collection":[{"href":"https:\/\/www.wonpet.com\/ro\/wp-json\/wp\/v2\/product"}],"about":[{"href":"https:\/\/www.wonpet.com\/ro\/wp-json\/wp\/v2\/types\/product"}],"wp:featuredmedia":[{"embeddable":true,"href":"https:\/\/www.wonpet.com\/ro\/wp-json\/wp\/v2\/media\/475"}],"wp:attachment":[{"href":"https:\/\/www.wonpet.com\/ro\/wp-json\/wp\/v2\/media?parent=474"}],"wp:term":[{"taxonomy":"product_brand","embeddable":true,"href":"https:\/\/www.wonpet.com\/ro\/wp-json\/wp\/v2\/product_brand?post=474"},{"taxonomy":"product_cat","embeddable":true,"href":"https:\/\/www.wonpet.com\/ro\/wp-json\/wp\/v2\/product_cat?post=474"},{"taxonomy":"product_tag","embeddable":true,"href":"https:\/\/www.wonpet.com\/ro\/wp-json\/wp\/v2\/product_tag?post=474"}],"curies":[{"name":"wp","href":"https:\/\/api.w.org\/{rel}","templated":true}]}}