{"id":387,"date":"2019-11-05T01:41:29","date_gmt":"2019-11-05T01:41:29","guid":{"rendered":"https:\/\/www.wonpet.com\/?post_type=product&#038;p=387"},"modified":"2019-11-05T01:41:30","modified_gmt":"2019-11-05T01:41:30","slug":"latex-caine-jucarii-fara-umplutura","status":"publish","type":"product","link":"https:\/\/www.wonpet.com\/ro\/produs\/latex-caine-jucarii-fara-umplutura\/","title":{"rendered":"Juc\u0103rii de c\u00e2ine din latex f\u0103r\u0103 umplutur\u0103"},"content":{"rendered":"","protected":false},"excerpt":{"rendered":"<p><strong>NR. ARTICOL: LT12036-S \/ LT12036 \/ LT12036-L<\/strong><\/p>\n<p><strong>DIMENSIUNE: 14CM \/ 24CM \/ 38CM<\/strong> ... <a href=\"https:\/\/www.wonpet.com\/ro\/produs\/latex-caine-jucarii-fara-umplutura\/\" class=\"more-link\"><span class=\"more-button\">Cump\u0103r\u0103 acum<span class=\"screen-reader-text\">Juc\u0103rii de c\u00e2ine din latex f\u0103r\u0103 umplutur\u0103<\/span><\/span><\/a><\/p>","protected":false},"featured_media":388,"template":"","meta":[],"product_brand":[],"product_cat":[18,20],"product_tag":[69,70],"class_list":{"0":"post-387","1":"product","2":"type-product","3":"status-publish","4":"has-post-thumbnail","6":"product_cat-dog_toy","7":"product_cat-latex_dog_toys","8":"product_tag-dog-toy-squeakers","9":"product_tag-no-stuffing-dog-toy","11":"first","12":"instock","13":"shipping-taxable","14":"product-type-simple"},"_links":{"self":[{"href":"https:\/\/www.wonpet.com\/ro\/wp-json\/wp\/v2\/product\/387","targetHints":{"allow":["GET"]}}],"collection":[{"href":"https:\/\/www.wonpet.com\/ro\/wp-json\/wp\/v2\/product"}],"about":[{"href":"https:\/\/www.wonpet.com\/ro\/wp-json\/wp\/v2\/types\/product"}],"wp:featuredmedia":[{"embeddable":true,"href":"https:\/\/www.wonpet.com\/ro\/wp-json\/wp\/v2\/media\/388"}],"wp:attachment":[{"href":"https:\/\/www.wonpet.com\/ro\/wp-json\/wp\/v2\/media?parent=387"}],"wp:term":[{"taxonomy":"product_brand","embeddable":true,"href":"https:\/\/www.wonpet.com\/ro\/wp-json\/wp\/v2\/product_brand?post=387"},{"taxonomy":"product_cat","embeddable":true,"href":"https:\/\/www.wonpet.com\/ro\/wp-json\/wp\/v2\/product_cat?post=387"},{"taxonomy":"product_tag","embeddable":true,"href":"https:\/\/www.wonpet.com\/ro\/wp-json\/wp\/v2\/product_tag?post=387"}],"curies":[{"name":"wp","href":"https:\/\/api.w.org\/{rel}","templated":true}]}}