{"id":1550,"date":"2019-11-15T06:31:23","date_gmt":"2019-11-15T06:31:23","guid":{"rendered":"https:\/\/www.wonpet.com\/?post_type=product&#038;p=1550"},"modified":"2019-11-15T06:32:42","modified_gmt":"2019-11-15T06:32:42","slug":"aprovizionare-pisici-craciun-interactiv-bagheta-pisica-bat-pisica","status":"publish","type":"product","link":"https:\/\/www.wonpet.com\/ro\/produs\/aprovizionare-pisici-craciun-interactiv-bagheta-pisica-bat-pisica\/","title":{"rendered":"Cat Suprafa\u021b\u0103 de Cr\u0103ciun cu bagheta interactiv\u0103 pentru pisici de Cr\u0103ciun"},"content":{"rendered":"","protected":false},"excerpt":{"rendered":"<p>NR. ARTICOL: CW19021<\/p>\n<p>DIMENSIUNE: 30 cm... <a href=\"https:\/\/www.wonpet.com\/ro\/produs\/aprovizionare-pisici-craciun-interactiv-bagheta-pisica-bat-pisica\/\" class=\"more-link\"><span class=\"more-button\">Cump\u0103r\u0103 acum<span class=\"screen-reader-text\">Cat Suprafa\u021b\u0103 de Cr\u0103ciun cu bagheta interactiv\u0103 pentru pisici de Cr\u0103ciun<\/span><\/span><\/a><\/p>","protected":false},"featured_media":1555,"template":"","meta":[],"product_brand":[],"product_cat":[19,43],"product_tag":[142,49],"class_list":{"0":"post-1550","1":"product","2":"type-product","3":"status-publish","4":"has-post-thumbnail","6":"product_cat-cat_toy","7":"product_cat-cat-wand","8":"product_tag-cat-stick","9":"product_tag-cat-wand","11":"first","12":"instock","13":"shipping-taxable","14":"product-type-simple"},"_links":{"self":[{"href":"https:\/\/www.wonpet.com\/ro\/wp-json\/wp\/v2\/product\/1550","targetHints":{"allow":["GET"]}}],"collection":[{"href":"https:\/\/www.wonpet.com\/ro\/wp-json\/wp\/v2\/product"}],"about":[{"href":"https:\/\/www.wonpet.com\/ro\/wp-json\/wp\/v2\/types\/product"}],"wp:featuredmedia":[{"embeddable":true,"href":"https:\/\/www.wonpet.com\/ro\/wp-json\/wp\/v2\/media\/1555"}],"wp:attachment":[{"href":"https:\/\/www.wonpet.com\/ro\/wp-json\/wp\/v2\/media?parent=1550"}],"wp:term":[{"taxonomy":"product_brand","embeddable":true,"href":"https:\/\/www.wonpet.com\/ro\/wp-json\/wp\/v2\/product_brand?post=1550"},{"taxonomy":"product_cat","embeddable":true,"href":"https:\/\/www.wonpet.com\/ro\/wp-json\/wp\/v2\/product_cat?post=1550"},{"taxonomy":"product_tag","embeddable":true,"href":"https:\/\/www.wonpet.com\/ro\/wp-json\/wp\/v2\/product_tag?post=1550"}],"curies":[{"name":"wp","href":"https:\/\/api.w.org\/{rel}","templated":true}]}}