{"id":1416,"date":"2019-11-15T05:33:41","date_gmt":"2019-11-15T05:33:41","guid":{"rendered":"https:\/\/www.wonpet.com\/?post_type=product&#038;p=1416"},"modified":"2019-11-15T05:34:17","modified_gmt":"2019-11-15T05:34:17","slug":"aprovizionare-pisica-pene-jucarii-pisica-bagheta-pisica-bagheta-6","status":"publish","type":"product","link":"https:\/\/www.wonpet.com\/ro\/produs\/aprovizionare-pisica-pene-jucarii-pisica-bagheta-pisica-bagheta-6\/","title":{"rendered":"Pisica de aprovizionare cu pisici Juc\u0103rii pentru pisici Baghet\u0103 pentru pisici Baghet\u0103 pentru pisici"},"content":{"rendered":"","protected":false},"excerpt":{"rendered":"<p>NR. ARTICOL: CW17034<\/p>\n<p>DIMENSIUNE: 46CM... <a href=\"https:\/\/www.wonpet.com\/ro\/produs\/aprovizionare-pisica-pene-jucarii-pisica-bagheta-pisica-bagheta-6\/\" class=\"more-link\"><span class=\"more-button\">Cump\u0103r\u0103 acum<span class=\"screen-reader-text\">Pisica de aprovizionare cu pisici Juc\u0103rii pentru pisici Baghet\u0103 pentru pisici Baghet\u0103 pentru pisici<\/span><\/span><\/a><\/p>","protected":false},"featured_media":1400,"template":"","meta":[],"product_brand":[],"product_cat":[19,43],"product_tag":[142,49],"class_list":{"0":"post-1416","1":"product","2":"type-product","3":"status-publish","4":"has-post-thumbnail","6":"product_cat-cat_toy","7":"product_cat-cat-wand","8":"product_tag-cat-stick","9":"product_tag-cat-wand","11":"first","12":"instock","13":"shipping-taxable","14":"product-type-simple"},"_links":{"self":[{"href":"https:\/\/www.wonpet.com\/ro\/wp-json\/wp\/v2\/product\/1416","targetHints":{"allow":["GET"]}}],"collection":[{"href":"https:\/\/www.wonpet.com\/ro\/wp-json\/wp\/v2\/product"}],"about":[{"href":"https:\/\/www.wonpet.com\/ro\/wp-json\/wp\/v2\/types\/product"}],"wp:featuredmedia":[{"embeddable":true,"href":"https:\/\/www.wonpet.com\/ro\/wp-json\/wp\/v2\/media\/1400"}],"wp:attachment":[{"href":"https:\/\/www.wonpet.com\/ro\/wp-json\/wp\/v2\/media?parent=1416"}],"wp:term":[{"taxonomy":"product_brand","embeddable":true,"href":"https:\/\/www.wonpet.com\/ro\/wp-json\/wp\/v2\/product_brand?post=1416"},{"taxonomy":"product_cat","embeddable":true,"href":"https:\/\/www.wonpet.com\/ro\/wp-json\/wp\/v2\/product_cat?post=1416"},{"taxonomy":"product_tag","embeddable":true,"href":"https:\/\/www.wonpet.com\/ro\/wp-json\/wp\/v2\/product_tag?post=1416"}],"curies":[{"name":"wp","href":"https:\/\/api.w.org\/{rel}","templated":true}]}}