{"id":1287,"date":"2019-11-15T03:29:43","date_gmt":"2019-11-15T03:29:43","guid":{"rendered":"https:\/\/www.wonpet.com\/?post_type=product&#038;p=1287"},"modified":"2019-11-15T03:31:09","modified_gmt":"2019-11-15T03:31:09","slug":"aprovizionare-pisica-jucarie-pisica-in-material-de-hartie-cu-clopot-4","status":"publish","type":"product","link":"https:\/\/www.wonpet.com\/ro\/produs\/aprovizionare-pisica-jucarie-pisica-in-material-de-hartie-cu-clopot-4\/","title":{"rendered":"Juc\u0103rii de pisici Juc\u0103rii pentru pisici \u00een material de h\u00e2rtie cu clopot"},"content":{"rendered":"","protected":false},"excerpt":{"rendered":"<p>NR. ARTICOL: CT18122<\/p>\n<p>DIMENSIUNE: 7CM... <a href=\"https:\/\/www.wonpet.com\/ro\/produs\/aprovizionare-pisica-jucarie-pisica-in-material-de-hartie-cu-clopot-4\/\" class=\"more-link\"><span class=\"more-button\">Cump\u0103r\u0103 acum<span class=\"screen-reader-text\">Juc\u0103rii de pisici Juc\u0103rii pentru pisici \u00een material de h\u00e2rtie cu clopot<\/span><\/span><\/a><\/p>","protected":false},"featured_media":1288,"template":"","meta":[],"product_brand":[],"product_cat":[46,44,19],"product_tag":[125,41],"class_list":{"0":"post-1287","1":"product","2":"type-product","3":"status-publish","4":"has-post-thumbnail","6":"product_cat-animals-others","7":"product_cat-cat-ball","8":"product_cat-cat_toy","9":"product_tag-cat-supply","10":"product_tag-cat-toys","12":"first","13":"instock","14":"shipping-taxable","15":"product-type-simple"},"_links":{"self":[{"href":"https:\/\/www.wonpet.com\/ro\/wp-json\/wp\/v2\/product\/1287","targetHints":{"allow":["GET"]}}],"collection":[{"href":"https:\/\/www.wonpet.com\/ro\/wp-json\/wp\/v2\/product"}],"about":[{"href":"https:\/\/www.wonpet.com\/ro\/wp-json\/wp\/v2\/types\/product"}],"wp:featuredmedia":[{"embeddable":true,"href":"https:\/\/www.wonpet.com\/ro\/wp-json\/wp\/v2\/media\/1288"}],"wp:attachment":[{"href":"https:\/\/www.wonpet.com\/ro\/wp-json\/wp\/v2\/media?parent=1287"}],"wp:term":[{"taxonomy":"product_brand","embeddable":true,"href":"https:\/\/www.wonpet.com\/ro\/wp-json\/wp\/v2\/product_brand?post=1287"},{"taxonomy":"product_cat","embeddable":true,"href":"https:\/\/www.wonpet.com\/ro\/wp-json\/wp\/v2\/product_cat?post=1287"},{"taxonomy":"product_tag","embeddable":true,"href":"https:\/\/www.wonpet.com\/ro\/wp-json\/wp\/v2\/product_tag?post=1287"}],"curies":[{"name":"wp","href":"https:\/\/api.w.org\/{rel}","templated":true}]}}