{"id":85,"date":"2019-10-30T10:19:16","date_gmt":"2019-10-30T10:19:16","guid":{"rendered":"https:\/\/www.wonpet.com\/?page_id=85"},"modified":"2019-11-11T06:09:01","modified_gmt":"2019-11-11T06:09:01","slug":"despre-noi","status":"publish","type":"page","link":"https:\/\/www.wonpet.com\/ro\/despre-noi\/","title":{"rendered":"Despre noi"},"content":{"rendered":"<div class=\"wp-block-image\"><figure class=\"aligncenter\"><img loading=\"lazy\" decoding=\"async\" width=\"1024\" height=\"337\" src=\"https:\/\/www.wonpet.com\/wp-content\/uploads\/2019\/10\/about-us-banner-1024x337.jpg\" alt=\"\" class=\"wp-image-183\" srcset=\"https:\/\/www.wonpet.com\/wp-content\/uploads\/2019\/10\/about-us-banner-1024x337.jpg 1024w, https:\/\/www.wonpet.com\/wp-content\/uploads\/2019\/10\/about-us-banner-300x99.jpg 300w, https:\/\/www.wonpet.com\/wp-content\/uploads\/2019\/10\/about-us-banner-768x253.jpg 768w, https:\/\/www.wonpet.com\/wp-content\/uploads\/2019\/10\/about-us-banner-600x198.jpg 600w, https:\/\/www.wonpet.com\/wp-content\/uploads\/2019\/10\/about-us-banner.jpg 1366w\" sizes=\"auto, (max-width: 1024px) 100vw, 1024px\" \/><figcaption>Mai aproape rela\u021bia uman\u0103 cu natura<br>Credem c\u0103 atunci c\u00e2nd tu \u0219i animalul de companie sunt ferici\u021bi, atunci ve\u021bi iubi via\u021ba naturii<\/figcaption><\/figure><\/div>\n\n\n\n<div class=\"wp-block-image\"><figure class=\"aligncenter\"><img loading=\"lazy\" decoding=\"async\" width=\"954\" height=\"388\" src=\"https:\/\/www.wonpet.com\/wp-content\/uploads\/2019\/10\/logo.png\" alt=\"\" class=\"wp-image-233\" srcset=\"https:\/\/www.wonpet.com\/wp-content\/uploads\/2019\/10\/logo.png 954w, https:\/\/www.wonpet.com\/wp-content\/uploads\/2019\/10\/logo-300x122.png 300w, https:\/\/www.wonpet.com\/wp-content\/uploads\/2019\/10\/logo-768x312.png 768w, https:\/\/www.wonpet.com\/wp-content\/uploads\/2019\/10\/logo-600x244.png 600w\" sizes=\"auto, (max-width: 954px) 100vw, 954px\" \/><figcaption> GUANGZHOU WONPET COMPANY LIMITED s-a angajat s\u0103 produc\u0103 \u0219i s\u0103 v\u00e2nd\u0103 produse pentru animale de companie de \u00eenalt\u0103 calitate, pentru a crea cump\u0103r\u0103turi online de \u00eenalt\u0103 calitate, precum \u0219i o platform\u0103 de v\u00e2nzare cu ridicata, astfel \u00eenc\u00e2t consumatorii \u0219i \u00eentreprinderile s\u0103 poat\u0103 primi produse \u0219i servicii de \u00eenalt\u0103 calitate. <\/figcaption><\/figure><\/div>\n\n\n\n<h2 class=\"wp-block-heading\" style=\"text-align:center\">Treaba noastr\u0103<\/h2>\n\n\n\n<div class=\"wp-block-columns has-2-columns is-layout-flex wp-container-core-columns-is-layout-9d6595d7 wp-block-columns-is-layout-flex\">\n<div class=\"wp-block-column is-layout-flow wp-block-column-is-layout-flow\">\n<blockquote style=\"text-align:center\" class=\"wp-block-quote is-layout-flow wp-block-quote-is-layout-flow\"><p><img loading=\"lazy\" decoding=\"async\" width=\"450\" height=\"278\" class=\"wp-image-384\" style=\"width: 450px;\" src=\"https:\/\/www.wonpet.com\/wp-content\/uploads\/2019\/11\/ship_icon-1.jpg\" alt=\"\" srcset=\"https:\/\/www.wonpet.com\/wp-content\/uploads\/2019\/11\/ship_icon-1.jpg 485w, https:\/\/www.wonpet.com\/wp-content\/uploads\/2019\/11\/ship_icon-1-300x186.jpg 300w\" sizes=\"auto, (max-width: 450px) 100vw, 450px\" \/><\/p><cite><strong>OEM<\/strong> Afaceri<\/cite><\/blockquote>\n<\/div>\n\n\n\n<div class=\"wp-block-column is-layout-flow wp-block-column-is-layout-flow\">\n<blockquote style=\"text-align:center\" class=\"wp-block-quote is-layout-flow wp-block-quote-is-layout-flow\"><p><img loading=\"lazy\" decoding=\"async\" width=\"450\" height=\"278\" class=\"wp-image-358\" style=\"width: 450px;\" src=\"https:\/\/www.wonpet.com\/wp-content\/uploads\/2019\/11\/amazon_logo.jpg\" alt=\"\" srcset=\"https:\/\/www.wonpet.com\/wp-content\/uploads\/2019\/11\/amazon_logo.jpg 485w, https:\/\/www.wonpet.com\/wp-content\/uploads\/2019\/11\/amazon_logo-300x186.jpg 300w\" sizes=\"auto, (max-width: 450px) 100vw, 450px\" \/><\/p><cite><strong>Cu am\u0103nuntul<\/strong> Afaceri<\/cite><\/blockquote>\n<\/div>\n<\/div>\n\n\n\n<h2 class=\"wp-block-heading\" style=\"text-align:center\">Etic\u0103 de afaceri<\/h2>\n\n\n\n<p style=\"text-align:center\">Politica noastr\u0103 de v\u00e2nz\u0103ri de a respecta legile \u0219i reglement\u0103rile na\u021bionale.<br>Produsul nostru va respecta legile \u0219i reglement\u0103rile locale.<br>V\u0103 rug\u0103m s\u0103 ne trimite\u021bi o ordonan\u021b\u0103 de consultare prin e-mail: info@wonpet.com<\/p>\n\n\n\n<h2 class=\"wp-block-heading\" style=\"text-align:center\">Contacteaz\u0103-ne<\/h2>\n\n\n\n<p style=\"text-align:center\">GUANGZHOU WONPET COMPANY LIMITED<br>No.518, Conacul Yunhui YunJing Lu, TongHe, Guangzhou, CHINA<br>Zip: 510515<br>Serviciu clien\u021bi: 86-20-87282878<br><br>Dac\u0103 ave\u021bi sugestii sau comentarii, v\u0103 rug\u0103m s\u0103 ne trimite\u021bi un e-mail: info@wonpet.com<\/p>","protected":false},"excerpt":{"rendered":"<p>Afacerea noastr\u0103 OEM Business Retail Business Etica \u00een afaceri Politica noastr\u0103 de v\u00e2nz\u0103ri pentru a respecta legile \u0219i reglement\u0103rile na\u021bionale. Produsul nostru... <a href=\"https:\/\/www.wonpet.com\/ro\/despre-noi\/\" class=\"more-link\"><span class=\"more-button\">Continua\u021bi lectur\u0103<span class=\"screen-reader-text\">Despre noi<\/span><\/span><\/a><\/p>","protected":false},"author":1,"featured_media":0,"parent":0,"menu_order":0,"comment_status":"closed","ping_status":"closed","template":"templates\/full-width-page.php","meta":{"footnotes":""},"class_list":["post-85","page","type-page","status-publish","hentry"],"_links":{"self":[{"href":"https:\/\/www.wonpet.com\/ro\/wp-json\/wp\/v2\/pages\/85","targetHints":{"allow":["GET"]}}],"collection":[{"href":"https:\/\/www.wonpet.com\/ro\/wp-json\/wp\/v2\/pages"}],"about":[{"href":"https:\/\/www.wonpet.com\/ro\/wp-json\/wp\/v2\/types\/page"}],"author":[{"embeddable":true,"href":"https:\/\/www.wonpet.com\/ro\/wp-json\/wp\/v2\/users\/1"}],"replies":[{"embeddable":true,"href":"https:\/\/www.wonpet.com\/ro\/wp-json\/wp\/v2\/comments?post=85"}],"version-history":[{"count":22,"href":"https:\/\/www.wonpet.com\/ro\/wp-json\/wp\/v2\/pages\/85\/revisions"}],"predecessor-version":[{"id":385,"href":"https:\/\/www.wonpet.com\/ro\/wp-json\/wp\/v2\/pages\/85\/revisions\/385"}],"wp:attachment":[{"href":"https:\/\/www.wonpet.com\/ro\/wp-json\/wp\/v2\/media?parent=85"}],"curies":[{"name":"wp","href":"https:\/\/api.w.org\/{rel}","templated":true}]}}