{"id":5327,"date":"2024-03-25T04:48:37","date_gmt":"2024-03-25T04:48:37","guid":{"rendered":"https:\/\/www.wonpet.com\/?page_id=5327"},"modified":"2025-04-29T07:13:29","modified_gmt":"2025-04-29T07:13:29","slug":"wonpet-catalogue-2023%ef%bd%9e2024","status":"publish","type":"page","link":"https:\/\/www.wonpet.com\/ro\/wonpet-catalogue-2023%ef%bd%9e2024\/","title":{"rendered":"Catalog WONPET"},"content":{"rendered":"<figure class=\"wp-block-image size-large\"><a href=\"https:\/\/www.wonpet.com\/ro\/catalogue\/2025-1\/\" target=\"_blank\" rel=\" noreferrer noopener\"><img loading=\"lazy\" decoding=\"async\" width=\"1024\" height=\"605\" src=\"https:\/\/www.wonpet.com\/wp-content\/uploads\/2025\/04\/2025C-1024x605.jpg\" alt=\"\" class=\"wp-image-5348\" srcset=\"https:\/\/www.wonpet.com\/wp-content\/uploads\/2025\/04\/2025C-1024x605.jpg 1024w, https:\/\/www.wonpet.com\/wp-content\/uploads\/2025\/04\/2025C-300x177.jpg 300w, https:\/\/www.wonpet.com\/wp-content\/uploads\/2025\/04\/2025C-768x454.jpg 768w, https:\/\/www.wonpet.com\/wp-content\/uploads\/2025\/04\/2025C-1536x907.jpg 1536w, https:\/\/www.wonpet.com\/wp-content\/uploads\/2025\/04\/2025C-2048x1210.jpg 2048w, https:\/\/www.wonpet.com\/wp-content\/uploads\/2025\/04\/2025C-18x12.jpg 18w, https:\/\/www.wonpet.com\/wp-content\/uploads\/2025\/04\/2025C-600x354.jpg 600w\" sizes=\"auto, (max-width: 1024px) 100vw, 1024px\" \/><\/a><\/figure>\n\n\n\n<p>Desc\u0103rca\u021bi catalogul 2025<\/p>\n\n\n\n<figure class=\"wp-block-image size-large\"><a href=\"https:\/\/www.wonpet.com\/ro\/catalogue\/2024-1\/\" target=\"_blank\" rel=\"noreferrer noopener\"><img loading=\"lazy\" decoding=\"async\" width=\"1024\" height=\"693\" src=\"https:\/\/www.wonpet.com\/wp-content\/uploads\/2024\/03\/4019111902-1024x693.png\" alt=\"\" class=\"wp-image-5328\" srcset=\"https:\/\/www.wonpet.com\/wp-content\/uploads\/2024\/03\/4019111902-1024x693.png 1024w, https:\/\/www.wonpet.com\/wp-content\/uploads\/2024\/03\/4019111902-300x203.png 300w, https:\/\/www.wonpet.com\/wp-content\/uploads\/2024\/03\/4019111902-768x520.png 768w, https:\/\/www.wonpet.com\/wp-content\/uploads\/2024\/03\/4019111902-18x12.png 18w, https:\/\/www.wonpet.com\/wp-content\/uploads\/2024\/03\/4019111902-600x406.png 600w, https:\/\/www.wonpet.com\/wp-content\/uploads\/2024\/03\/4019111902.png 1418w\" sizes=\"auto, (max-width: 1024px) 100vw, 1024px\" \/><\/a><\/figure>\n\n\n\n<p>Descarc\u0103 catalogul prim\u0103var\u0103-var\u0103 2024<\/p>\n\n\n\n<figure class=\"wp-block-image size-large\"><a href=\"https:\/\/www.wonpet.com\/ro\/catalogue\/2023-1\/\" target=\"_blank\" rel=\"noreferrer noopener\"><img loading=\"lazy\" decoding=\"async\" width=\"1024\" height=\"682\" src=\"https:\/\/www.wonpet.com\/wp-content\/uploads\/2024\/03\/568905969-1024x682.png\" alt=\"\" class=\"wp-image-5329\" srcset=\"https:\/\/www.wonpet.com\/wp-content\/uploads\/2024\/03\/568905969-1024x682.png 1024w, https:\/\/www.wonpet.com\/wp-content\/uploads\/2024\/03\/568905969-300x200.png 300w, https:\/\/www.wonpet.com\/wp-content\/uploads\/2024\/03\/568905969-768x512.png 768w, https:\/\/www.wonpet.com\/wp-content\/uploads\/2024\/03\/568905969-18x12.png 18w, https:\/\/www.wonpet.com\/wp-content\/uploads\/2024\/03\/568905969-600x400.png 600w, https:\/\/www.wonpet.com\/wp-content\/uploads\/2024\/03\/568905969.png 1060w\" sizes=\"auto, (max-width: 1024px) 100vw, 1024px\" \/><\/a><\/figure>\n\n\n\n<p>Desc\u0103rca\u021bi catalogul 2023<\/p>\n\n\n\n<p><\/p>\n\n\n\n<p><\/p>","protected":false},"excerpt":{"rendered":"<p>Download 2025 Catalogue Download 2024 Spring-Summer Catalogue Download 2023 Catalogue<\/p>","protected":false},"author":1,"featured_media":0,"parent":0,"menu_order":0,"comment_status":"closed","ping_status":"closed","template":"","meta":{"footnotes":""},"class_list":["post-5327","page","type-page","status-publish","hentry"],"_links":{"self":[{"href":"https:\/\/www.wonpet.com\/ro\/wp-json\/wp\/v2\/pages\/5327","targetHints":{"allow":["GET"]}}],"collection":[{"href":"https:\/\/www.wonpet.com\/ro\/wp-json\/wp\/v2\/pages"}],"about":[{"href":"https:\/\/www.wonpet.com\/ro\/wp-json\/wp\/v2\/types\/page"}],"author":[{"embeddable":true,"href":"https:\/\/www.wonpet.com\/ro\/wp-json\/wp\/v2\/users\/1"}],"replies":[{"embeddable":true,"href":"https:\/\/www.wonpet.com\/ro\/wp-json\/wp\/v2\/comments?post=5327"}],"version-history":[{"count":8,"href":"https:\/\/www.wonpet.com\/ro\/wp-json\/wp\/v2\/pages\/5327\/revisions"}],"predecessor-version":[{"id":5357,"href":"https:\/\/www.wonpet.com\/ro\/wp-json\/wp\/v2\/pages\/5327\/revisions\/5357"}],"wp:attachment":[{"href":"https:\/\/www.wonpet.com\/ro\/wp-json\/wp\/v2\/media?parent=5327"}],"curies":[{"name":"wp","href":"https:\/\/api.w.org\/{rel}","templated":true}]}}