{"id":596,"date":"2019-11-06T05:39:12","date_gmt":"2019-11-06T05:39:12","guid":{"rendered":"https:\/\/www.wonpet.com\/?post_type=product&#038;p=596"},"modified":"2019-11-06T05:39:12","modified_gmt":"2019-11-06T05:39:12","slug":"sacos-de-recarga-de-residuos-de-caes-de-estimacao","status":"publish","type":"product","link":"https:\/\/www.wonpet.com\/pt\/produtos\/sacos-de-recarga-de-residuos-de-caes-de-estimacao\/","title":{"rendered":"Sacos do refil do desperd\u00edcio do c\u00e3o de estima\u00e7\u00e3o"},"content":{"rendered":"","protected":false},"excerpt":{"rendered":"<p>ITEM NO: LD653 novo<\/p>\n<p>TAMANHO: 15 PCS\/ROLO\u2026 <a href=\"https:\/\/www.wonpet.com\/pt\/produtos\/sacos-de-recarga-de-residuos-de-caes-de-estimacao\/\" class=\"more-link\"><span class=\"more-button\">Compre Agora<span class=\"screen-reader-text\">Sacos do refil do desperd\u00edcio do c\u00e3o de estima\u00e7\u00e3o<\/span><\/span><\/a><\/p>","protected":false},"featured_media":594,"template":"","meta":[],"product_brand":[],"product_cat":[61,59],"product_tag":[94,109],"class_list":{"0":"post-596","1":"product","2":"type-product","3":"status-publish","4":"has-post-thumbnail","6":"product_cat-others","7":"product_cat-pet-supplies","8":"product_tag-dog-use","9":"product_tag-waste-bags","11":"first","12":"instock","13":"shipping-taxable","14":"product-type-simple"},"_links":{"self":[{"href":"https:\/\/www.wonpet.com\/pt\/wp-json\/wp\/v2\/product\/596","targetHints":{"allow":["GET"]}}],"collection":[{"href":"https:\/\/www.wonpet.com\/pt\/wp-json\/wp\/v2\/product"}],"about":[{"href":"https:\/\/www.wonpet.com\/pt\/wp-json\/wp\/v2\/types\/product"}],"wp:featuredmedia":[{"embeddable":true,"href":"https:\/\/www.wonpet.com\/pt\/wp-json\/wp\/v2\/media\/594"}],"wp:attachment":[{"href":"https:\/\/www.wonpet.com\/pt\/wp-json\/wp\/v2\/media?parent=596"}],"wp:term":[{"taxonomy":"product_brand","embeddable":true,"href":"https:\/\/www.wonpet.com\/pt\/wp-json\/wp\/v2\/product_brand?post=596"},{"taxonomy":"product_cat","embeddable":true,"href":"https:\/\/www.wonpet.com\/pt\/wp-json\/wp\/v2\/product_cat?post=596"},{"taxonomy":"product_tag","embeddable":true,"href":"https:\/\/www.wonpet.com\/pt\/wp-json\/wp\/v2\/product_tag?post=596"}],"curies":[{"name":"wp","href":"https:\/\/api.w.org\/{rel}","templated":true}]}}