{"id":5199,"date":"2023-04-14T02:58:08","date_gmt":"2023-04-14T02:58:08","guid":{"rendered":"https:\/\/www.wonpet.com\/?post_type=product&#038;p=5199"},"modified":"2023-04-14T02:58:09","modified_gmt":"2023-04-14T02:58:09","slug":"brinquedos-de-cachorro-de-pelucia-com-som-de-crepitacao-2","status":"publish","type":"product","link":"https:\/\/www.wonpet.com\/pt\/produtos\/brinquedos-de-cachorro-de-pelucia-com-som-de-crepitacao-2\/","title":{"rendered":"Brinquedos de pel\u00facia para c\u00e3es com som de crepita\u00e7\u00e3o"},"content":{"rendered":"","protected":false},"excerpt":{"rendered":"<p>N\u00ba DO ARTIGO: PL2303020<br \/>\nTAMANHO:50CM\u2026 <a href=\"https:\/\/www.wonpet.com\/pt\/produtos\/brinquedos-de-cachorro-de-pelucia-com-som-de-crepitacao-2\/\" class=\"more-link\"><span class=\"more-button\">Compre Agora<span class=\"screen-reader-text\">Brinquedos de pel\u00facia para c\u00e3es com som de crepita\u00e7\u00e3o<\/span><\/span><\/a><\/p>","protected":false},"featured_media":5206,"template":"","meta":[],"product_brand":[],"product_cat":[18,51],"product_tag":[],"class_list":{"0":"post-5199","1":"product","2":"type-product","3":"status-publish","4":"has-post-thumbnail","6":"product_cat-dog_toy","7":"product_cat-plush-toy","9":"first","10":"instock","11":"shipping-taxable","12":"product-type-simple"},"_links":{"self":[{"href":"https:\/\/www.wonpet.com\/pt\/wp-json\/wp\/v2\/product\/5199","targetHints":{"allow":["GET"]}}],"collection":[{"href":"https:\/\/www.wonpet.com\/pt\/wp-json\/wp\/v2\/product"}],"about":[{"href":"https:\/\/www.wonpet.com\/pt\/wp-json\/wp\/v2\/types\/product"}],"wp:featuredmedia":[{"embeddable":true,"href":"https:\/\/www.wonpet.com\/pt\/wp-json\/wp\/v2\/media\/5206"}],"wp:attachment":[{"href":"https:\/\/www.wonpet.com\/pt\/wp-json\/wp\/v2\/media?parent=5199"}],"wp:term":[{"taxonomy":"product_brand","embeddable":true,"href":"https:\/\/www.wonpet.com\/pt\/wp-json\/wp\/v2\/product_brand?post=5199"},{"taxonomy":"product_cat","embeddable":true,"href":"https:\/\/www.wonpet.com\/pt\/wp-json\/wp\/v2\/product_cat?post=5199"},{"taxonomy":"product_tag","embeddable":true,"href":"https:\/\/www.wonpet.com\/pt\/wp-json\/wp\/v2\/product_tag?post=5199"}],"curies":[{"name":"wp","href":"https:\/\/api.w.org\/{rel}","templated":true}]}}