{"id":517,"date":"2019-11-06T02:16:25","date_gmt":"2019-11-06T02:16:25","guid":{"rendered":"https:\/\/www.wonpet.com\/?post_type=product&#038;p=517"},"modified":"2019-11-06T02:16:25","modified_gmt":"2019-11-06T02:16:25","slug":"escova-de-madeira-para-animais-de-estimacao-escova-de-limpeza-para-caes","status":"publish","type":"product","link":"https:\/\/www.wonpet.com\/pt\/produtos\/escova-de-madeira-para-animais-de-estimacao-escova-de-limpeza-para-caes\/","title":{"rendered":"Escova de madeira para animais de estima\u00e7\u00e3o para c\u00e3es"},"content":{"rendered":"","protected":false},"excerpt":{"rendered":"<p><strong>ITEM NO: 807<\/strong><\/p>\n<p><strong>TAMANHO: 10 * 17CM<\/strong> ... <a href=\"https:\/\/www.wonpet.com\/pt\/produtos\/escova-de-madeira-para-animais-de-estimacao-escova-de-limpeza-para-caes\/\" class=\"more-link\"><span class=\"more-button\">Compre Agora<span class=\"screen-reader-text\">Escova de madeira para animais de estima\u00e7\u00e3o para c\u00e3es<\/span><\/span><\/a><\/p>","protected":false},"featured_media":518,"template":"","meta":[],"product_brand":[],"product_cat":[60,59],"product_tag":[96,97],"class_list":{"0":"post-517","1":"product","2":"type-product","3":"status-publish","4":"has-post-thumbnail","6":"product_cat-grooming","7":"product_cat-pet-supplies","8":"product_tag-pet-brush","9":"product_tag-wooden-brush","11":"first","12":"instock","13":"shipping-taxable","14":"product-type-simple"},"_links":{"self":[{"href":"https:\/\/www.wonpet.com\/pt\/wp-json\/wp\/v2\/product\/517","targetHints":{"allow":["GET"]}}],"collection":[{"href":"https:\/\/www.wonpet.com\/pt\/wp-json\/wp\/v2\/product"}],"about":[{"href":"https:\/\/www.wonpet.com\/pt\/wp-json\/wp\/v2\/types\/product"}],"wp:featuredmedia":[{"embeddable":true,"href":"https:\/\/www.wonpet.com\/pt\/wp-json\/wp\/v2\/media\/518"}],"wp:attachment":[{"href":"https:\/\/www.wonpet.com\/pt\/wp-json\/wp\/v2\/media?parent=517"}],"wp:term":[{"taxonomy":"product_brand","embeddable":true,"href":"https:\/\/www.wonpet.com\/pt\/wp-json\/wp\/v2\/product_brand?post=517"},{"taxonomy":"product_cat","embeddable":true,"href":"https:\/\/www.wonpet.com\/pt\/wp-json\/wp\/v2\/product_cat?post=517"},{"taxonomy":"product_tag","embeddable":true,"href":"https:\/\/www.wonpet.com\/pt\/wp-json\/wp\/v2\/product_tag?post=517"}],"curies":[{"name":"wp","href":"https:\/\/api.w.org\/{rel}","templated":true}]}}