{"id":1282,"date":"2019-11-15T03:24:36","date_gmt":"2019-11-15T03:24:36","guid":{"rendered":"https:\/\/www.wonpet.com\/?post_type=product&#038;p=1282"},"modified":"2019-11-15T03:25:01","modified_gmt":"2019-11-15T03:25:01","slug":"brinquedos-de-algodao-para-pet-com-catnip-peixe-brinquedos-de-pelucia","status":"publish","type":"product","link":"https:\/\/www.wonpet.com\/pt\/produtos\/brinquedos-de-algodao-para-pet-com-catnip-peixe-brinquedos-de-pelucia\/","title":{"rendered":"O algod\u00e3o do gato brinca a fonte do animal de estima\u00e7\u00e3o com os brinquedos do luxuoso dos peixes de Catnip"},"content":{"rendered":"","protected":false},"excerpt":{"rendered":"<p>ITEM NO .: CT19056<\/p>\n<p>TAMANHO: 12CM\u2026 <a href=\"https:\/\/www.wonpet.com\/pt\/produtos\/brinquedos-de-algodao-para-pet-com-catnip-peixe-brinquedos-de-pelucia\/\" class=\"more-link\"><span class=\"more-button\">Compre Agora<span class=\"screen-reader-text\">O algod\u00e3o do gato brinca a fonte do animal de estima\u00e7\u00e3o com os brinquedos do luxuoso dos peixes de Catnip<\/span><\/span><\/a><\/p>","protected":false},"featured_media":1274,"template":"","meta":[],"product_brand":[],"product_cat":[46,19],"product_tag":[125,137],"class_list":{"0":"post-1282","1":"product","2":"type-product","3":"status-publish","4":"has-post-thumbnail","6":"product_cat-animals-others","7":"product_cat-cat_toy","8":"product_tag-cat-supply","9":"product_tag-catnip-toy","11":"first","12":"instock","13":"shipping-taxable","14":"product-type-simple"},"_links":{"self":[{"href":"https:\/\/www.wonpet.com\/pt\/wp-json\/wp\/v2\/product\/1282","targetHints":{"allow":["GET"]}}],"collection":[{"href":"https:\/\/www.wonpet.com\/pt\/wp-json\/wp\/v2\/product"}],"about":[{"href":"https:\/\/www.wonpet.com\/pt\/wp-json\/wp\/v2\/types\/product"}],"wp:featuredmedia":[{"embeddable":true,"href":"https:\/\/www.wonpet.com\/pt\/wp-json\/wp\/v2\/media\/1274"}],"wp:attachment":[{"href":"https:\/\/www.wonpet.com\/pt\/wp-json\/wp\/v2\/media?parent=1282"}],"wp:term":[{"taxonomy":"product_brand","embeddable":true,"href":"https:\/\/www.wonpet.com\/pt\/wp-json\/wp\/v2\/product_brand?post=1282"},{"taxonomy":"product_cat","embeddable":true,"href":"https:\/\/www.wonpet.com\/pt\/wp-json\/wp\/v2\/product_cat?post=1282"},{"taxonomy":"product_tag","embeddable":true,"href":"https:\/\/www.wonpet.com\/pt\/wp-json\/wp\/v2\/product_tag?post=1282"}],"curies":[{"name":"wp","href":"https:\/\/api.w.org\/{rel}","templated":true}]}}