{"id":85,"date":"2019-10-30T10:19:16","date_gmt":"2019-10-30T10:19:16","guid":{"rendered":"https:\/\/www.wonpet.com\/?page_id=85"},"modified":"2019-11-11T06:09:01","modified_gmt":"2019-11-11T06:09:01","slug":"sobre-nos","status":"publish","type":"page","link":"https:\/\/www.wonpet.com\/pt\/sobre-nos\/","title":{"rendered":"Sobre n\u00f3s"},"content":{"rendered":"<div class=\"wp-block-image\"><figure class=\"aligncenter\"><img loading=\"lazy\" decoding=\"async\" width=\"1024\" height=\"337\" src=\"https:\/\/www.wonpet.com\/wp-content\/uploads\/2019\/10\/about-us-banner-1024x337.jpg\" alt=\"\" class=\"wp-image-183\" srcset=\"https:\/\/www.wonpet.com\/wp-content\/uploads\/2019\/10\/about-us-banner-1024x337.jpg 1024w, https:\/\/www.wonpet.com\/wp-content\/uploads\/2019\/10\/about-us-banner-300x99.jpg 300w, https:\/\/www.wonpet.com\/wp-content\/uploads\/2019\/10\/about-us-banner-768x253.jpg 768w, https:\/\/www.wonpet.com\/wp-content\/uploads\/2019\/10\/about-us-banner-600x198.jpg 600w, https:\/\/www.wonpet.com\/wp-content\/uploads\/2019\/10\/about-us-banner.jpg 1366w\" sizes=\"auto, (max-width: 1024px) 100vw, 1024px\" \/><figcaption>Mais estreito relacionamento humano com a natureza<br>Acreditamos que quando voc\u00ea e o animal de estima\u00e7\u00e3o estiverem felizes, voc\u00ea amar\u00e1 a natureza<\/figcaption><\/figure><\/div>\n\n\n\n<div class=\"wp-block-image\"><figure class=\"aligncenter\"><img loading=\"lazy\" decoding=\"async\" width=\"954\" height=\"388\" src=\"https:\/\/www.wonpet.com\/wp-content\/uploads\/2019\/10\/logo.png\" alt=\"\" class=\"wp-image-233\" srcset=\"https:\/\/www.wonpet.com\/wp-content\/uploads\/2019\/10\/logo.png 954w, https:\/\/www.wonpet.com\/wp-content\/uploads\/2019\/10\/logo-300x122.png 300w, https:\/\/www.wonpet.com\/wp-content\/uploads\/2019\/10\/logo-768x312.png 768w, https:\/\/www.wonpet.com\/wp-content\/uploads\/2019\/10\/logo-600x244.png 600w\" sizes=\"auto, (max-width: 954px) 100vw, 954px\" \/><figcaption> A GUANGZHOU WONPET COMPANY LIMITED est\u00e1 comprometida com a produ\u00e7\u00e3o e venda de produtos para animais de alta qualidade, para criar compras on-line e plataforma de atacado de alta qualidade, para que consumidores e empresas possam obter produtos e servi\u00e7os de alta qualidade. <\/figcaption><\/figure><\/div>\n\n\n\n<h2 class=\"wp-block-heading\" style=\"text-align:center\">Nossos neg\u00f3cios<\/h2>\n\n\n\n<div class=\"wp-block-columns has-2-columns is-layout-flex wp-container-core-columns-is-layout-9d6595d7 wp-block-columns-is-layout-flex\">\n<div class=\"wp-block-column is-layout-flow wp-block-column-is-layout-flow\">\n<blockquote style=\"text-align:center\" class=\"wp-block-quote is-layout-flow wp-block-quote-is-layout-flow\"><p><img loading=\"lazy\" decoding=\"async\" width=\"450\" height=\"278\" class=\"wp-image-384\" style=\"width: 450px;\" src=\"https:\/\/www.wonpet.com\/wp-content\/uploads\/2019\/11\/ship_icon-1.jpg\" alt=\"\" srcset=\"https:\/\/www.wonpet.com\/wp-content\/uploads\/2019\/11\/ship_icon-1.jpg 485w, https:\/\/www.wonpet.com\/wp-content\/uploads\/2019\/11\/ship_icon-1-300x186.jpg 300w\" sizes=\"auto, (max-width: 450px) 100vw, 450px\" \/><\/p><cite><strong>OEM<\/strong> O neg\u00f3cio<\/cite><\/blockquote>\n<\/div>\n\n\n\n<div class=\"wp-block-column is-layout-flow wp-block-column-is-layout-flow\">\n<blockquote style=\"text-align:center\" class=\"wp-block-quote is-layout-flow wp-block-quote-is-layout-flow\"><p><img loading=\"lazy\" decoding=\"async\" width=\"450\" height=\"278\" class=\"wp-image-358\" style=\"width: 450px;\" src=\"https:\/\/www.wonpet.com\/wp-content\/uploads\/2019\/11\/amazon_logo.jpg\" alt=\"\" srcset=\"https:\/\/www.wonpet.com\/wp-content\/uploads\/2019\/11\/amazon_logo.jpg 485w, https:\/\/www.wonpet.com\/wp-content\/uploads\/2019\/11\/amazon_logo-300x186.jpg 300w\" sizes=\"auto, (max-width: 450px) 100vw, 450px\" \/><\/p><cite><strong>Varejo<\/strong> O neg\u00f3cio<\/cite><\/blockquote>\n<\/div>\n<\/div>\n\n\n\n<h2 class=\"wp-block-heading\" style=\"text-align:center\">\u00c9tica de neg\u00f3cios<\/h2>\n\n\n\n<p style=\"text-align:center\">Nossa pol\u00edtica de vendas para cumprir com as leis e regulamentos nacionais.<br>Nosso produto estar\u00e1 em conformidade com as leis e regulamentos locais.<br>Envie-nos uma consulta por e-mail Ordenan\u00e7a: info@wonpet.com<\/p>\n\n\n\n<h2 class=\"wp-block-heading\" style=\"text-align:center\">Contate-Nos<\/h2>\n\n\n\n<p style=\"text-align:center\">GUANGZHOU WONPET COMPANY LIMITED<br>No.518, mans\u00e3o Yunhui YunJing Lu, TongHe, Guangzhou, CHINA<br>Zip: 510515<br>Atendimento ao Cliente: 86-20-87282878<br><br>Se voc\u00ea tiver alguma sugest\u00e3o ou coment\u00e1rio, envie um email para: info@wonpet.com<\/p>","protected":false},"excerpt":{"rendered":"<p>Nossos neg\u00f3cios Neg\u00f3cios OEM Neg\u00f3cios de varejo \u00c9tica comercial Nossa pol\u00edtica de vendas para cumprir com as leis e regulamentos nacionais. Nosso produto \u2026 <a href=\"https:\/\/www.wonpet.com\/pt\/sobre-nos\/\" class=\"more-link\"><span class=\"more-button\">Continue lendo<span class=\"screen-reader-text\">Sobre n\u00f3s<\/span><\/span><\/a><\/p>","protected":false},"author":1,"featured_media":0,"parent":0,"menu_order":0,"comment_status":"closed","ping_status":"closed","template":"templates\/full-width-page.php","meta":{"footnotes":""},"class_list":["post-85","page","type-page","status-publish","hentry"],"_links":{"self":[{"href":"https:\/\/www.wonpet.com\/pt\/wp-json\/wp\/v2\/pages\/85","targetHints":{"allow":["GET"]}}],"collection":[{"href":"https:\/\/www.wonpet.com\/pt\/wp-json\/wp\/v2\/pages"}],"about":[{"href":"https:\/\/www.wonpet.com\/pt\/wp-json\/wp\/v2\/types\/page"}],"author":[{"embeddable":true,"href":"https:\/\/www.wonpet.com\/pt\/wp-json\/wp\/v2\/users\/1"}],"replies":[{"embeddable":true,"href":"https:\/\/www.wonpet.com\/pt\/wp-json\/wp\/v2\/comments?post=85"}],"version-history":[{"count":22,"href":"https:\/\/www.wonpet.com\/pt\/wp-json\/wp\/v2\/pages\/85\/revisions"}],"predecessor-version":[{"id":385,"href":"https:\/\/www.wonpet.com\/pt\/wp-json\/wp\/v2\/pages\/85\/revisions\/385"}],"wp:attachment":[{"href":"https:\/\/www.wonpet.com\/pt\/wp-json\/wp\/v2\/media?parent=85"}],"curies":[{"name":"wp","href":"https:\/\/api.w.org\/{rel}","templated":true}]}}