{"id":911,"date":"2019-11-12T07:21:32","date_gmt":"2019-11-12T07:21:32","guid":{"rendered":"https:\/\/www.wonpet.com\/?post_type=product&#038;p=911"},"modified":"2019-11-12T07:23:08","modified_gmt":"2019-11-12T07:23:08","slug":"macskajatekok-labda-toll-labdak-csend-jatek","status":"publish","type":"product","link":"https:\/\/www.wonpet.com\/hu\/termek\/macskajatekok-labda-toll-labdak-csend-jatek\/","title":{"rendered":"Macskaj\u00e1t\u00e9kok Ball tollgoly\u00f3k csendes j\u00e1t\u00e9k"},"content":{"rendered":"","protected":false},"excerpt":{"rendered":"<p>T\u00c9TEL: CT19003<\/p>\n<p>M\u00c9RETE: 4,5 cm\u2026 <a href=\"https:\/\/www.wonpet.com\/hu\/termek\/macskajatekok-labda-toll-labdak-csend-jatek\/\" class=\"more-link\"><span class=\"more-button\">V\u00e1s\u00e1rolj most<span class=\"screen-reader-text\">Macskaj\u00e1t\u00e9kok Ball tollgoly\u00f3k csendes j\u00e1t\u00e9k<\/span><\/span><\/a><\/p>","protected":false},"featured_media":910,"template":"","meta":[],"product_brand":[],"product_cat":[44,19],"product_tag":[128,74],"class_list":{"0":"post-911","1":"product","2":"type-product","3":"status-publish","4":"has-post-thumbnail","6":"product_cat-cat-ball","7":"product_cat-cat_toy","8":"product_tag-cat-feather-ball","9":"product_tag-funny-dog-toys","11":"first","12":"instock","13":"shipping-taxable","14":"product-type-simple"},"_links":{"self":[{"href":"https:\/\/www.wonpet.com\/hu\/wp-json\/wp\/v2\/product\/911","targetHints":{"allow":["GET"]}}],"collection":[{"href":"https:\/\/www.wonpet.com\/hu\/wp-json\/wp\/v2\/product"}],"about":[{"href":"https:\/\/www.wonpet.com\/hu\/wp-json\/wp\/v2\/types\/product"}],"wp:featuredmedia":[{"embeddable":true,"href":"https:\/\/www.wonpet.com\/hu\/wp-json\/wp\/v2\/media\/910"}],"wp:attachment":[{"href":"https:\/\/www.wonpet.com\/hu\/wp-json\/wp\/v2\/media?parent=911"}],"wp:term":[{"taxonomy":"product_brand","embeddable":true,"href":"https:\/\/www.wonpet.com\/hu\/wp-json\/wp\/v2\/product_brand?post=911"},{"taxonomy":"product_cat","embeddable":true,"href":"https:\/\/www.wonpet.com\/hu\/wp-json\/wp\/v2\/product_cat?post=911"},{"taxonomy":"product_tag","embeddable":true,"href":"https:\/\/www.wonpet.com\/hu\/wp-json\/wp\/v2\/product_tag?post=911"}],"curies":[{"name":"wp","href":"https:\/\/api.w.org\/{rel}","templated":true}]}}